{"id":47642,"date":"2025-09-28T18:03:53","date_gmt":"2025-09-28T18:03:53","guid":{"rendered":"https:\/\/impulseducacio.org\/?post_type=product&#038;p=47642"},"modified":"2026-02-16T05:53:31","modified_gmt":"2026-02-16T05:53:31","slug":"inscripcion-congreso-impuls-educacio","status":"publish","type":"product","link":"https:\/\/impulseducacio.org\/es\/cursos-campus-impuls\/congreso-impuls-educacio\/inscripcion-congreso-impuls-educacio\/","title":{"rendered":"Inscripci\u00f3n Congreso Impuls Educaci\u00f3 2026"},"content":{"rendered":"","protected":false},"excerpt":{"rendered":"<p>&#8220;Liderar la escuela del futuro&#8221;<br \/>\nSesiones plenarias, Conversaciones con expertos, Experiencias de \u00e9xito<br \/>\nMasterclass con John Hattie (Streaming)<br \/>\nGu\u00eda de aprendizaje<br \/>\nNetworking<br \/>\nTraducci\u00f3n simult\u00e1nea al castellano y\u00a0 al ingl\u00e9s<br \/>\nWelcome Pack, P\u00edcnic mediod\u00eda (Modalidad Presencial)<\/p>\n","protected":false},"featured_media":47649,"comment_status":"closed","ping_status":"closed","template":"","meta":{"_acf_changed":false},"product_brand":[],"product_cat":[480],"product_tag":[],"class_list":{"0":"post-47642","1":"product","2":"type-product","3":"status-publish","4":"has-post-thumbnail","6":"product_cat-congreso-impuls-educacio","8":"first","9":"instock","10":"purchasable","11":"product-type-variable"},"acf":[],"yoast_head":"<!-- This site is optimized with the Yoast SEO plugin v27.4 - https:\/\/yoast.com\/product\/yoast-seo-wordpress\/ -->\n<title>Inscripci\u00f3n Congreso Impuls Educaci\u00f3 2026 | IMPULS EDUCACI\u00d3<\/title>\n<meta name=\"robots\" content=\"index, follow, max-snippet:-1, max-image-preview:large, max-video-preview:-1\" \/>\n<link rel=\"canonical\" href=\"https:\/\/impulseducacio.org\/es\/cursos-campus-impuls\/congreso-impuls-educacio\/inscripcion-congreso-impuls-educacio\/\" \/>\n<meta property=\"og:locale\" content=\"es_ES\" \/>\n<meta property=\"og:type\" content=\"article\" \/>\n<meta property=\"og:title\" content=\"Inscripci\u00f3n Congreso Impuls Educaci\u00f3 2026 | IMPULS EDUCACI\u00d3\" \/>\n<meta property=\"og:description\" content=\"&quot;Liderar la escuela del futuro&quot; Sesiones plenarias, Conversaciones con expertos, Experiencias de \u00e9xito Masterclass con John Hattie (Streaming) Gu\u00eda de aprendizaje Networking Traducci\u00f3n simult\u00e1nea al castellano y\u00a0 al ingl\u00e9s Welcome Pack, P\u00edcnic mediod\u00eda (Modalidad Presencial)\" \/>\n<meta property=\"og:url\" content=\"https:\/\/impulseducacio.org\/es\/cursos-campus-impuls\/congreso-impuls-educacio\/inscripcion-congreso-impuls-educacio\/\" \/>\n<meta property=\"og:site_name\" content=\"IMPULS EDUCACI\u00d3\" \/>\n<meta property=\"article:publisher\" content=\"https:\/\/www.facebook.com\/impulseducacio2020\" \/>\n<meta property=\"article:modified_time\" content=\"2026-02-16T05:53:31+00:00\" \/>\n<meta property=\"og:image\" content=\"https:\/\/impulseducacio.org\/wp-content\/uploads\/2025\/09\/Escuchando-congreso-duotono-e1759557820698.png\" \/>\n\t<meta property=\"og:image:width\" content=\"300\" \/>\n\t<meta property=\"og:image:height\" content=\"412\" \/>\n\t<meta property=\"og:image:type\" content=\"image\/png\" \/>\n<meta name=\"twitter:card\" content=\"summary_large_image\" \/>\n<meta name=\"twitter:site\" content=\"@ImpulsEducacio\" \/>\n<meta name=\"twitter:label1\" content=\"Est. reading time\" \/>\n\t<meta name=\"twitter:data1\" content=\"1 minute\" \/>\n<script type=\"application\/ld+json\" class=\"yoast-schema-graph\">{\"@context\":\"https:\\\/\\\/schema.org\",\"@graph\":[{\"@type\":\"WebPage\",\"@id\":\"https:\\\/\\\/impulseducacio.org\\\/es\\\/cursos-campus-impuls\\\/congreso-impuls-educacio\\\/inscripcion-congreso-impuls-educacio\\\/\",\"url\":\"https:\\\/\\\/impulseducacio.org\\\/es\\\/cursos-campus-impuls\\\/congreso-impuls-educacio\\\/inscripcion-congreso-impuls-educacio\\\/\",\"name\":\"Inscripci\u00f3n Congreso Impuls Educaci\u00f3 2026 | IMPULS EDUCACI\u00d3\",\"isPartOf\":{\"@id\":\"https:\\\/\\\/impulseducacio.org\\\/es\\\/#website\"},\"primaryImageOfPage\":{\"@id\":\"https:\\\/\\\/impulseducacio.org\\\/es\\\/cursos-campus-impuls\\\/congreso-impuls-educacio\\\/inscripcion-congreso-impuls-educacio\\\/#primaryimage\"},\"image\":{\"@id\":\"https:\\\/\\\/impulseducacio.org\\\/es\\\/cursos-campus-impuls\\\/congreso-impuls-educacio\\\/inscripcion-congreso-impuls-educacio\\\/#primaryimage\"},\"thumbnailUrl\":\"https:\\\/\\\/impulseducacio.org\\\/wp-content\\\/uploads\\\/2025\\\/09\\\/Escuchando-congreso-duotono-e1759557820698.png\",\"datePublished\":\"2025-09-28T18:03:53+00:00\",\"dateModified\":\"2026-02-16T05:53:31+00:00\",\"breadcrumb\":{\"@id\":\"https:\\\/\\\/impulseducacio.org\\\/es\\\/cursos-campus-impuls\\\/congreso-impuls-educacio\\\/inscripcion-congreso-impuls-educacio\\\/#breadcrumb\"},\"inLanguage\":\"es\",\"potentialAction\":[{\"@type\":\"ReadAction\",\"target\":[\"https:\\\/\\\/impulseducacio.org\\\/es\\\/cursos-campus-impuls\\\/congreso-impuls-educacio\\\/inscripcion-congreso-impuls-educacio\\\/\"]}]},{\"@type\":\"ImageObject\",\"inLanguage\":\"es\",\"@id\":\"https:\\\/\\\/impulseducacio.org\\\/es\\\/cursos-campus-impuls\\\/congreso-impuls-educacio\\\/inscripcion-congreso-impuls-educacio\\\/#primaryimage\",\"url\":\"https:\\\/\\\/impulseducacio.org\\\/wp-content\\\/uploads\\\/2025\\\/09\\\/Escuchando-congreso-duotono-e1759557820698.png\",\"contentUrl\":\"https:\\\/\\\/impulseducacio.org\\\/wp-content\\\/uploads\\\/2025\\\/09\\\/Escuchando-congreso-duotono-e1759557820698.png\",\"width\":300,\"height\":412},{\"@type\":\"BreadcrumbList\",\"@id\":\"https:\\\/\\\/impulseducacio.org\\\/es\\\/cursos-campus-impuls\\\/congreso-impuls-educacio\\\/inscripcion-congreso-impuls-educacio\\\/#breadcrumb\",\"itemListElement\":[{\"@type\":\"ListItem\",\"position\":1,\"name\":\"Inicio\",\"item\":\"https:\\\/\\\/impulseducacio.org\\\/es\\\/\"},{\"@type\":\"ListItem\",\"position\":2,\"name\":\"Cursos\",\"item\":\"https:\\\/\\\/impulseducacio.org\\\/es\\\/cursos\\\/\"},{\"@type\":\"ListItem\",\"position\":3,\"name\":\"Inscripci\u00f3n Congreso Impuls Educaci\u00f3 2026\"}]},{\"@type\":\"WebSite\",\"@id\":\"https:\\\/\\\/impulseducacio.org\\\/es\\\/#website\",\"url\":\"https:\\\/\\\/impulseducacio.org\\\/es\\\/\",\"name\":\"IMPULS EDUCACI\u00d3\",\"description\":\"Espai d\u2019estudi i di\u00e0leg en temes educatius\",\"potentialAction\":[{\"@type\":\"SearchAction\",\"target\":{\"@type\":\"EntryPoint\",\"urlTemplate\":\"https:\\\/\\\/impulseducacio.org\\\/es\\\/?s={search_term_string}\"},\"query-input\":{\"@type\":\"PropertyValueSpecification\",\"valueRequired\":true,\"valueName\":\"search_term_string\"}}],\"inLanguage\":\"es\"}]}<\/script>\n<!-- \/ Yoast SEO plugin. -->","yoast_head_json":{"title":"Inscripci\u00f3n Congreso Impuls Educaci\u00f3 2026 | IMPULS EDUCACI\u00d3","robots":{"index":"index","follow":"follow","max-snippet":"max-snippet:-1","max-image-preview":"max-image-preview:large","max-video-preview":"max-video-preview:-1"},"canonical":"https:\/\/impulseducacio.org\/es\/cursos-campus-impuls\/congreso-impuls-educacio\/inscripcion-congreso-impuls-educacio\/","og_locale":"es_ES","og_type":"article","og_title":"Inscripci\u00f3n Congreso Impuls Educaci\u00f3 2026 | IMPULS EDUCACI\u00d3","og_description":"\"Liderar la escuela del futuro\" Sesiones plenarias, Conversaciones con expertos, Experiencias de \u00e9xito Masterclass con John Hattie (Streaming) Gu\u00eda de aprendizaje Networking Traducci\u00f3n simult\u00e1nea al castellano y\u00a0 al ingl\u00e9s Welcome Pack, P\u00edcnic mediod\u00eda (Modalidad Presencial)","og_url":"https:\/\/impulseducacio.org\/es\/cursos-campus-impuls\/congreso-impuls-educacio\/inscripcion-congreso-impuls-educacio\/","og_site_name":"IMPULS EDUCACI\u00d3","article_publisher":"https:\/\/www.facebook.com\/impulseducacio2020","article_modified_time":"2026-02-16T05:53:31+00:00","og_image":[{"width":300,"height":412,"url":"https:\/\/impulseducacio.org\/wp-content\/uploads\/2025\/09\/Escuchando-congreso-duotono-e1759557820698.png","type":"image\/png"}],"twitter_card":"summary_large_image","twitter_site":"@ImpulsEducacio","twitter_misc":{"Est. reading time":"1 minute"},"schema":{"@context":"https:\/\/schema.org","@graph":[{"@type":"WebPage","@id":"https:\/\/impulseducacio.org\/es\/cursos-campus-impuls\/congreso-impuls-educacio\/inscripcion-congreso-impuls-educacio\/","url":"https:\/\/impulseducacio.org\/es\/cursos-campus-impuls\/congreso-impuls-educacio\/inscripcion-congreso-impuls-educacio\/","name":"Inscripci\u00f3n Congreso Impuls Educaci\u00f3 2026 | IMPULS EDUCACI\u00d3","isPartOf":{"@id":"https:\/\/impulseducacio.org\/es\/#website"},"primaryImageOfPage":{"@id":"https:\/\/impulseducacio.org\/es\/cursos-campus-impuls\/congreso-impuls-educacio\/inscripcion-congreso-impuls-educacio\/#primaryimage"},"image":{"@id":"https:\/\/impulseducacio.org\/es\/cursos-campus-impuls\/congreso-impuls-educacio\/inscripcion-congreso-impuls-educacio\/#primaryimage"},"thumbnailUrl":"https:\/\/impulseducacio.org\/wp-content\/uploads\/2025\/09\/Escuchando-congreso-duotono-e1759557820698.png","datePublished":"2025-09-28T18:03:53+00:00","dateModified":"2026-02-16T05:53:31+00:00","breadcrumb":{"@id":"https:\/\/impulseducacio.org\/es\/cursos-campus-impuls\/congreso-impuls-educacio\/inscripcion-congreso-impuls-educacio\/#breadcrumb"},"inLanguage":"es","potentialAction":[{"@type":"ReadAction","target":["https:\/\/impulseducacio.org\/es\/cursos-campus-impuls\/congreso-impuls-educacio\/inscripcion-congreso-impuls-educacio\/"]}]},{"@type":"ImageObject","inLanguage":"es","@id":"https:\/\/impulseducacio.org\/es\/cursos-campus-impuls\/congreso-impuls-educacio\/inscripcion-congreso-impuls-educacio\/#primaryimage","url":"https:\/\/impulseducacio.org\/wp-content\/uploads\/2025\/09\/Escuchando-congreso-duotono-e1759557820698.png","contentUrl":"https:\/\/impulseducacio.org\/wp-content\/uploads\/2025\/09\/Escuchando-congreso-duotono-e1759557820698.png","width":300,"height":412},{"@type":"BreadcrumbList","@id":"https:\/\/impulseducacio.org\/es\/cursos-campus-impuls\/congreso-impuls-educacio\/inscripcion-congreso-impuls-educacio\/#breadcrumb","itemListElement":[{"@type":"ListItem","position":1,"name":"Inicio","item":"https:\/\/impulseducacio.org\/es\/"},{"@type":"ListItem","position":2,"name":"Cursos","item":"https:\/\/impulseducacio.org\/es\/cursos\/"},{"@type":"ListItem","position":3,"name":"Inscripci\u00f3n Congreso Impuls Educaci\u00f3 2026"}]},{"@type":"WebSite","@id":"https:\/\/impulseducacio.org\/es\/#website","url":"https:\/\/impulseducacio.org\/es\/","name":"IMPULS EDUCACI\u00d3","description":"Espai d\u2019estudi i di\u00e0leg en temes educatius","potentialAction":[{"@type":"SearchAction","target":{"@type":"EntryPoint","urlTemplate":"https:\/\/impulseducacio.org\/es\/?s={search_term_string}"},"query-input":{"@type":"PropertyValueSpecification","valueRequired":true,"valueName":"search_term_string"}}],"inLanguage":"es"}]}},"_links":{"self":[{"href":"https:\/\/impulseducacio.org\/es\/wp-json\/wp\/v2\/product\/47642","targetHints":{"allow":["GET"]}}],"collection":[{"href":"https:\/\/impulseducacio.org\/es\/wp-json\/wp\/v2\/product"}],"about":[{"href":"https:\/\/impulseducacio.org\/es\/wp-json\/wp\/v2\/types\/product"}],"replies":[{"embeddable":true,"href":"https:\/\/impulseducacio.org\/es\/wp-json\/wp\/v2\/comments?post=47642"}],"wp:featuredmedia":[{"embeddable":true,"href":"https:\/\/impulseducacio.org\/es\/wp-json\/wp\/v2\/media\/47649"}],"wp:attachment":[{"href":"https:\/\/impulseducacio.org\/es\/wp-json\/wp\/v2\/media?parent=47642"}],"wp:term":[{"taxonomy":"product_brand","embeddable":true,"href":"https:\/\/impulseducacio.org\/es\/wp-json\/wp\/v2\/product_brand?post=47642"},{"taxonomy":"product_cat","embeddable":true,"href":"https:\/\/impulseducacio.org\/es\/wp-json\/wp\/v2\/product_cat?post=47642"},{"taxonomy":"product_tag","embeddable":true,"href":"https:\/\/impulseducacio.org\/es\/wp-json\/wp\/v2\/product_tag?post=47642"}],"curies":[{"name":"wp","href":"https:\/\/api.w.org\/{rel}","templated":true}]}}