{"id":44241,"date":"2024-12-04T11:48:41","date_gmt":"2024-12-04T11:48:41","guid":{"rendered":"https:\/\/impulseducacio.org\/?post_type=product&#038;p=44241"},"modified":"2024-12-11T15:21:02","modified_gmt":"2024-12-11T15:21:02","slug":"poster-infografia-mapa-de-la-comprension","status":"publish","type":"product","link":"https:\/\/impulseducacio.org\/es\/cursos-campus-impuls\/herramientas\/poster-infografia-mapa-de-la-comprension\/","title":{"rendered":"P\u00f3ster \/ infograf\u00eda Mapa de la comprensi\u00f3n"},"content":{"rendered":"","protected":false},"excerpt":{"rendered":"","protected":false},"featured_media":44244,"comment_status":"open","ping_status":"closed","template":"","meta":{"_acf_changed":false},"product_brand":[],"product_cat":[457],"product_tag":[],"class_list":{"0":"post-44241","1":"product","2":"type-product","3":"status-publish","4":"has-post-thumbnail","6":"product_cat-herramientas","8":"first","9":"instock","10":"sold-individually","11":"taxable","12":"shipping-taxable","13":"purchasable","14":"product-type-variable"},"acf":[],"yoast_head":"<!-- This site is optimized with the Yoast SEO plugin v27.4 - https:\/\/yoast.com\/product\/yoast-seo-wordpress\/ -->\n<title>P\u00f3ster \/ infograf\u00eda Mapa de la comprensi\u00f3n | IMPULS EDUCACI\u00d3<\/title>\n<meta name=\"robots\" content=\"index, follow, max-snippet:-1, max-image-preview:large, max-video-preview:-1\" \/>\n<link rel=\"canonical\" href=\"https:\/\/impulseducacio.org\/es\/cursos-campus-impuls\/herramientas\/poster-infografia-mapa-de-la-comprension\/\" \/>\n<meta property=\"og:locale\" content=\"es_ES\" \/>\n<meta property=\"og:type\" content=\"article\" \/>\n<meta property=\"og:title\" content=\"P\u00f3ster \/ infograf\u00eda Mapa de la comprensi\u00f3n | IMPULS EDUCACI\u00d3\" \/>\n<meta property=\"og:url\" content=\"https:\/\/impulseducacio.org\/es\/cursos-campus-impuls\/herramientas\/poster-infografia-mapa-de-la-comprension\/\" \/>\n<meta property=\"og:site_name\" content=\"IMPULS EDUCACI\u00d3\" \/>\n<meta property=\"article:publisher\" content=\"https:\/\/www.facebook.com\/impulseducacio2020\" \/>\n<meta property=\"article:modified_time\" content=\"2024-12-11T15:21:02+00:00\" \/>\n<meta property=\"og:image\" content=\"https:\/\/impulseducacio.org\/wp-content\/uploads\/2024\/12\/Posters-infografias-Mapa-de-comprension-scaled.jpg\" \/>\n\t<meta property=\"og:image:width\" content=\"1810\" \/>\n\t<meta property=\"og:image:height\" content=\"2560\" \/>\n\t<meta property=\"og:image:type\" content=\"image\/jpeg\" \/>\n<meta name=\"twitter:card\" content=\"summary_large_image\" \/>\n<meta name=\"twitter:site\" content=\"@ImpulsEducacio\" \/>\n<meta name=\"twitter:label1\" content=\"Est. reading time\" \/>\n\t<meta name=\"twitter:data1\" content=\"1 minute\" \/>\n<script type=\"application\/ld+json\" class=\"yoast-schema-graph\">{\"@context\":\"https:\\\/\\\/schema.org\",\"@graph\":[{\"@type\":\"WebPage\",\"@id\":\"https:\\\/\\\/impulseducacio.org\\\/es\\\/cursos-campus-impuls\\\/herramientas\\\/poster-infografia-mapa-de-la-comprension\\\/\",\"url\":\"https:\\\/\\\/impulseducacio.org\\\/es\\\/cursos-campus-impuls\\\/herramientas\\\/poster-infografia-mapa-de-la-comprension\\\/\",\"name\":\"P\u00f3ster \\\/ infograf\u00eda Mapa de la comprensi\u00f3n | IMPULS EDUCACI\u00d3\",\"isPartOf\":{\"@id\":\"https:\\\/\\\/impulseducacio.org\\\/es\\\/#website\"},\"primaryImageOfPage\":{\"@id\":\"https:\\\/\\\/impulseducacio.org\\\/es\\\/cursos-campus-impuls\\\/herramientas\\\/poster-infografia-mapa-de-la-comprension\\\/#primaryimage\"},\"image\":{\"@id\":\"https:\\\/\\\/impulseducacio.org\\\/es\\\/cursos-campus-impuls\\\/herramientas\\\/poster-infografia-mapa-de-la-comprension\\\/#primaryimage\"},\"thumbnailUrl\":\"https:\\\/\\\/impulseducacio.org\\\/wp-content\\\/uploads\\\/2024\\\/12\\\/Posters-infografias-Mapa-de-comprension-scaled.jpg\",\"datePublished\":\"2024-12-04T11:48:41+00:00\",\"dateModified\":\"2024-12-11T15:21:02+00:00\",\"breadcrumb\":{\"@id\":\"https:\\\/\\\/impulseducacio.org\\\/es\\\/cursos-campus-impuls\\\/herramientas\\\/poster-infografia-mapa-de-la-comprension\\\/#breadcrumb\"},\"inLanguage\":\"es\",\"potentialAction\":[{\"@type\":\"ReadAction\",\"target\":[\"https:\\\/\\\/impulseducacio.org\\\/es\\\/cursos-campus-impuls\\\/herramientas\\\/poster-infografia-mapa-de-la-comprension\\\/\"]}]},{\"@type\":\"ImageObject\",\"inLanguage\":\"es\",\"@id\":\"https:\\\/\\\/impulseducacio.org\\\/es\\\/cursos-campus-impuls\\\/herramientas\\\/poster-infografia-mapa-de-la-comprension\\\/#primaryimage\",\"url\":\"https:\\\/\\\/impulseducacio.org\\\/wp-content\\\/uploads\\\/2024\\\/12\\\/Posters-infografias-Mapa-de-comprension-scaled.jpg\",\"contentUrl\":\"https:\\\/\\\/impulseducacio.org\\\/wp-content\\\/uploads\\\/2024\\\/12\\\/Posters-infografias-Mapa-de-comprension-scaled.jpg\",\"width\":1810,\"height\":2560},{\"@type\":\"BreadcrumbList\",\"@id\":\"https:\\\/\\\/impulseducacio.org\\\/es\\\/cursos-campus-impuls\\\/herramientas\\\/poster-infografia-mapa-de-la-comprension\\\/#breadcrumb\",\"itemListElement\":[{\"@type\":\"ListItem\",\"position\":1,\"name\":\"Inicio\",\"item\":\"https:\\\/\\\/impulseducacio.org\\\/es\\\/\"},{\"@type\":\"ListItem\",\"position\":2,\"name\":\"Cursos\",\"item\":\"https:\\\/\\\/impulseducacio.org\\\/es\\\/cursos\\\/\"},{\"@type\":\"ListItem\",\"position\":3,\"name\":\"P\u00f3ster \\\/ infograf\u00eda Mapa de la comprensi\u00f3n\"}]},{\"@type\":\"WebSite\",\"@id\":\"https:\\\/\\\/impulseducacio.org\\\/es\\\/#website\",\"url\":\"https:\\\/\\\/impulseducacio.org\\\/es\\\/\",\"name\":\"IMPULS EDUCACI\u00d3\",\"description\":\"Espai d\u2019estudi i di\u00e0leg en temes educatius\",\"potentialAction\":[{\"@type\":\"SearchAction\",\"target\":{\"@type\":\"EntryPoint\",\"urlTemplate\":\"https:\\\/\\\/impulseducacio.org\\\/es\\\/?s={search_term_string}\"},\"query-input\":{\"@type\":\"PropertyValueSpecification\",\"valueRequired\":true,\"valueName\":\"search_term_string\"}}],\"inLanguage\":\"es\"}]}<\/script>\n<!-- \/ Yoast SEO plugin. -->","yoast_head_json":{"title":"P\u00f3ster \/ infograf\u00eda Mapa de la comprensi\u00f3n | IMPULS EDUCACI\u00d3","robots":{"index":"index","follow":"follow","max-snippet":"max-snippet:-1","max-image-preview":"max-image-preview:large","max-video-preview":"max-video-preview:-1"},"canonical":"https:\/\/impulseducacio.org\/es\/cursos-campus-impuls\/herramientas\/poster-infografia-mapa-de-la-comprension\/","og_locale":"es_ES","og_type":"article","og_title":"P\u00f3ster \/ infograf\u00eda Mapa de la comprensi\u00f3n | IMPULS EDUCACI\u00d3","og_url":"https:\/\/impulseducacio.org\/es\/cursos-campus-impuls\/herramientas\/poster-infografia-mapa-de-la-comprension\/","og_site_name":"IMPULS EDUCACI\u00d3","article_publisher":"https:\/\/www.facebook.com\/impulseducacio2020","article_modified_time":"2024-12-11T15:21:02+00:00","og_image":[{"width":1810,"height":2560,"url":"https:\/\/impulseducacio.org\/wp-content\/uploads\/2024\/12\/Posters-infografias-Mapa-de-comprension-scaled.jpg","type":"image\/jpeg"}],"twitter_card":"summary_large_image","twitter_site":"@ImpulsEducacio","twitter_misc":{"Est. reading time":"1 minute"},"schema":{"@context":"https:\/\/schema.org","@graph":[{"@type":"WebPage","@id":"https:\/\/impulseducacio.org\/es\/cursos-campus-impuls\/herramientas\/poster-infografia-mapa-de-la-comprension\/","url":"https:\/\/impulseducacio.org\/es\/cursos-campus-impuls\/herramientas\/poster-infografia-mapa-de-la-comprension\/","name":"P\u00f3ster \/ infograf\u00eda Mapa de la comprensi\u00f3n | IMPULS EDUCACI\u00d3","isPartOf":{"@id":"https:\/\/impulseducacio.org\/es\/#website"},"primaryImageOfPage":{"@id":"https:\/\/impulseducacio.org\/es\/cursos-campus-impuls\/herramientas\/poster-infografia-mapa-de-la-comprension\/#primaryimage"},"image":{"@id":"https:\/\/impulseducacio.org\/es\/cursos-campus-impuls\/herramientas\/poster-infografia-mapa-de-la-comprension\/#primaryimage"},"thumbnailUrl":"https:\/\/impulseducacio.org\/wp-content\/uploads\/2024\/12\/Posters-infografias-Mapa-de-comprension-scaled.jpg","datePublished":"2024-12-04T11:48:41+00:00","dateModified":"2024-12-11T15:21:02+00:00","breadcrumb":{"@id":"https:\/\/impulseducacio.org\/es\/cursos-campus-impuls\/herramientas\/poster-infografia-mapa-de-la-comprension\/#breadcrumb"},"inLanguage":"es","potentialAction":[{"@type":"ReadAction","target":["https:\/\/impulseducacio.org\/es\/cursos-campus-impuls\/herramientas\/poster-infografia-mapa-de-la-comprension\/"]}]},{"@type":"ImageObject","inLanguage":"es","@id":"https:\/\/impulseducacio.org\/es\/cursos-campus-impuls\/herramientas\/poster-infografia-mapa-de-la-comprension\/#primaryimage","url":"https:\/\/impulseducacio.org\/wp-content\/uploads\/2024\/12\/Posters-infografias-Mapa-de-comprension-scaled.jpg","contentUrl":"https:\/\/impulseducacio.org\/wp-content\/uploads\/2024\/12\/Posters-infografias-Mapa-de-comprension-scaled.jpg","width":1810,"height":2560},{"@type":"BreadcrumbList","@id":"https:\/\/impulseducacio.org\/es\/cursos-campus-impuls\/herramientas\/poster-infografia-mapa-de-la-comprension\/#breadcrumb","itemListElement":[{"@type":"ListItem","position":1,"name":"Inicio","item":"https:\/\/impulseducacio.org\/es\/"},{"@type":"ListItem","position":2,"name":"Cursos","item":"https:\/\/impulseducacio.org\/es\/cursos\/"},{"@type":"ListItem","position":3,"name":"P\u00f3ster \/ infograf\u00eda Mapa de la comprensi\u00f3n"}]},{"@type":"WebSite","@id":"https:\/\/impulseducacio.org\/es\/#website","url":"https:\/\/impulseducacio.org\/es\/","name":"IMPULS EDUCACI\u00d3","description":"Espai d\u2019estudi i di\u00e0leg en temes educatius","potentialAction":[{"@type":"SearchAction","target":{"@type":"EntryPoint","urlTemplate":"https:\/\/impulseducacio.org\/es\/?s={search_term_string}"},"query-input":{"@type":"PropertyValueSpecification","valueRequired":true,"valueName":"search_term_string"}}],"inLanguage":"es"}]}},"_links":{"self":[{"href":"https:\/\/impulseducacio.org\/es\/wp-json\/wp\/v2\/product\/44241","targetHints":{"allow":["GET"]}}],"collection":[{"href":"https:\/\/impulseducacio.org\/es\/wp-json\/wp\/v2\/product"}],"about":[{"href":"https:\/\/impulseducacio.org\/es\/wp-json\/wp\/v2\/types\/product"}],"replies":[{"embeddable":true,"href":"https:\/\/impulseducacio.org\/es\/wp-json\/wp\/v2\/comments?post=44241"}],"wp:featuredmedia":[{"embeddable":true,"href":"https:\/\/impulseducacio.org\/es\/wp-json\/wp\/v2\/media\/44244"}],"wp:attachment":[{"href":"https:\/\/impulseducacio.org\/es\/wp-json\/wp\/v2\/media?parent=44241"}],"wp:term":[{"taxonomy":"product_brand","embeddable":true,"href":"https:\/\/impulseducacio.org\/es\/wp-json\/wp\/v2\/product_brand?post=44241"},{"taxonomy":"product_cat","embeddable":true,"href":"https:\/\/impulseducacio.org\/es\/wp-json\/wp\/v2\/product_cat?post=44241"},{"taxonomy":"product_tag","embeddable":true,"href":"https:\/\/impulseducacio.org\/es\/wp-json\/wp\/v2\/product_tag?post=44241"}],"curies":[{"name":"wp","href":"https:\/\/api.w.org\/{rel}","templated":true}]}}