{"id":42983,"date":"2024-11-06T15:37:21","date_gmt":"2024-11-06T15:37:21","guid":{"rendered":"https:\/\/impulseducacio.org\/product\/toolkit\/"},"modified":"2025-01-21T15:30:05","modified_gmt":"2025-01-21T15:30:05","slug":"toolkit","status":"publish","type":"product","link":"https:\/\/impulseducacio.org\/es\/cursos-campus-impuls\/herramientas\/toolkit_infografias\/toolkit\/","title":{"rendered":"Toolkit"},"content":{"rendered":"<div class=\"fusion-fullwidth fullwidth-box fusion-builder-row-1 fusion-flex-container nonhundred-percent-fullwidth non-hundred-percent-height-scrolling\" style=\"--awb-border-radius-top-left:0px;--awb-border-radius-top-right:0px;--awb-border-radius-bottom-right:0px;--awb-border-radius-bottom-left:0px;--awb-flex-wrap:wrap;\" ><div class=\"fusion-builder-row fusion-row fusion-flex-align-items-flex-start fusion-flex-content-wrap\" style=\"max-width:1331.2px;margin-left: calc(-4% \/ 2 );margin-right: calc(-4% \/ 2 );\"><div class=\"fusion-layout-column fusion_builder_column fusion-builder-column-0 fusion_builder_column_1_1 1_1 fusion-flex-column\" style=\"--awb-bg-size:cover;--awb-width-large:100%;--awb-margin-top-large:0px;--awb-spacing-right-large:1.92%;--awb-margin-bottom-large:0px;--awb-spacing-left-large:1.92%;--awb-width-medium:100%;--awb-order-medium:0;--awb-spacing-right-medium:1.92%;--awb-spacing-left-medium:1.92%;--awb-width-small:100%;--awb-order-small:0;--awb-spacing-right-small:1.92%;--awb-spacing-left-small:1.92%;\" data-scroll-devices=\"small-visibility,medium-visibility,large-visibility\"><div class=\"fusion-column-wrapper fusion-column-has-shadow fusion-flex-justify-content-flex-start fusion-content-layout-column\"><div class=\"fusion-text fusion-text-1\" style=\"--awb-font-size:16px;--awb-text-font-family:&quot;Open Sans&quot;;--awb-text-font-style:normal;--awb-text-font-weight:300;\"><p>Este librito es un compendio de infograf\u00edas y herramientas pensado para conseguir un aprendizaje de calidad, transferible y sostenible. Cada herramienta ha sido escogida por su gran potencial y adaptada al modelo DREAM SCHOOLS, desarrollado por Impulso Educaci\u00f3n. Algunas herramientas provienen de m\u00e9todos concretos, mientras que otros son habituales en los contextos empresariales o educativos actuales. Entre los m\u00e9todos de referencia se encuentran:<\/p>\n<p>Aprendizaje cooperativo (Johnson &amp; Johnson)<br \/>\nEvaluaci\u00f3n Formativa (Dylan\u00a0Wiliam)<br \/>\nVisible\u00a0Thinking\u00a0del Proyecto Cero de Harvard<br \/>\nVESS\u00a0de\u00a0Edufirst<br \/>\nTBL\u00a0(Thinking\u00a0Based\u00a0Learning, Robert\u00a0Swartz)<\/p>\n<p>El librito incluye 17 infograf\u00edas y 86 herramientas diferentes, cada una con su organizador gr\u00e1fico y clasificadas en 7 categor\u00edas:<\/p>\n<p>#rutinapensament<br \/>\n#estrat\u00e8giapensament<br \/>\n#t\u00e8cnicapensament<br \/>\n#t\u00e8cnicacooperativa<br \/>\n#t\u00e8cnicacreativitat<br \/>\n#t\u00e8cnicaprojectes<br \/>\n#instrumentavaluaci\u00f3<\/p>\n<p>Las rutinas, estrategias, t\u00e9cnicas o instrumentos est\u00e1n organizados seg\u00fan el momento del aprendizaje en que son m\u00e1s \u00fatiles, a pesar de que pueden servir para diferentes situaciones y contextos. Para facilitar su elecci\u00f3n did\u00e1ctica, cada herramienta se relaciona con el tipo de pensamiento que promueve, siguiendo los 8 movimientos de pensamiento del mapa de la comprensi\u00f3n del Proyecto Cero y los 4 tipos de pensamiento cr\u00edtico y creativo. Las t\u00e9cnicas de evaluaci\u00f3n se vinculan a las 5 estrategias de evaluaci\u00f3n formativa propuestas por Dylan\u00a0Wiliam.<\/p>\n<\/div><div class=\"fusion-separator fusion-full-width-sep\" style=\"align-self: center;margin-left: auto;margin-right: auto;margin-top:10px;width:100%;\"><\/div><div style=\"position:relative;padding-top:max(60%,326px);height:0;width:100%\"><iframe allow=\"clipboard-write\" sandbox=\"allow-top-navigation allow-top-navigation-by-user-activation allow-downloads allow-scripts allow-same-origin allow-popups allow-modals allow-popups-to-escape-sandbox allow-forms\" allowfullscreen=\"true\" style=\"position:absolute;border:none;width:100%;height:100%;left:0;right:0;top:0;bottom:0;\" src=\"https:\/\/e.issuu.com\/embed.html?backgroundColor=%9edad0&d=20241016_mostra_toolkit_2024_cat&u=impulseducacio\"><\/iframe><\/div><\/div><\/div><\/div><\/div>\n","protected":false},"excerpt":{"rendered":"<p>Elaborado por el equipo Impuls Educaci\u00f3<\/p>\n","protected":false},"featured_media":42982,"comment_status":"open","ping_status":"closed","template":"","meta":{"_acf_changed":false},"product_brand":[],"product_cat":[457,461,449],"product_tag":[],"class_list":{"0":"post-42983","1":"product","2":"type-product","3":"status-publish","4":"has-post-thumbnail","6":"product_cat-herramientas","7":"product_cat-toolkit_infografias","8":"product_cat-uncategorized-es","10":"first","11":"instock","12":"taxable","13":"shipping-taxable","14":"purchasable","15":"product-type-variable"},"acf":[],"yoast_head":"<!-- This site is optimized with the Yoast SEO plugin v27.3 - https:\/\/yoast.com\/product\/yoast-seo-wordpress\/ -->\n<title>Toolkit | IMPULS EDUCACI\u00d3<\/title>\n<meta name=\"robots\" content=\"index, follow, max-snippet:-1, max-image-preview:large, max-video-preview:-1\" \/>\n<link rel=\"canonical\" href=\"https:\/\/impulseducacio.org\/es\/cursos-campus-impuls\/herramientas\/toolkit_infografias\/toolkit\/\" \/>\n<meta property=\"og:locale\" content=\"es_ES\" \/>\n<meta property=\"og:type\" content=\"article\" \/>\n<meta property=\"og:title\" content=\"Toolkit | IMPULS EDUCACI\u00d3\" \/>\n<meta property=\"og:description\" content=\"Elaborado por el equipo Impuls Educaci\u00f3\" \/>\n<meta property=\"og:url\" content=\"https:\/\/impulseducacio.org\/es\/cursos-campus-impuls\/herramientas\/toolkit_infografias\/toolkit\/\" \/>\n<meta property=\"og:site_name\" content=\"IMPULS EDUCACI\u00d3\" \/>\n<meta property=\"article:publisher\" content=\"https:\/\/www.facebook.com\/impulseducacio2020\" \/>\n<meta property=\"article:modified_time\" content=\"2025-01-21T15:30:05+00:00\" \/>\n<meta property=\"og:image\" content=\"https:\/\/impulseducacio.org\/wp-content\/uploads\/2024\/07\/Producto-toolkit1-1-scaled.jpg\" \/>\n\t<meta property=\"og:image:width\" content=\"2187\" \/>\n\t<meta property=\"og:image:height\" content=\"2560\" \/>\n\t<meta property=\"og:image:type\" content=\"image\/jpeg\" \/>\n<meta name=\"twitter:card\" content=\"summary_large_image\" \/>\n<meta name=\"twitter:site\" content=\"@ImpulsEducacio\" \/>\n<meta name=\"twitter:label1\" content=\"Est. reading time\" \/>\n\t<meta name=\"twitter:data1\" content=\"2 minutes\" \/>\n<script type=\"application\/ld+json\" class=\"yoast-schema-graph\">{\"@context\":\"https:\\\/\\\/schema.org\",\"@graph\":[{\"@type\":\"WebPage\",\"@id\":\"https:\\\/\\\/impulseducacio.org\\\/es\\\/cursos-campus-impuls\\\/herramientas\\\/toolkit_infografias\\\/toolkit\\\/\",\"url\":\"https:\\\/\\\/impulseducacio.org\\\/es\\\/cursos-campus-impuls\\\/herramientas\\\/toolkit_infografias\\\/toolkit\\\/\",\"name\":\"Toolkit | IMPULS EDUCACI\u00d3\",\"isPartOf\":{\"@id\":\"https:\\\/\\\/impulseducacio.org\\\/es\\\/#website\"},\"primaryImageOfPage\":{\"@id\":\"https:\\\/\\\/impulseducacio.org\\\/es\\\/cursos-campus-impuls\\\/herramientas\\\/toolkit_infografias\\\/toolkit\\\/#primaryimage\"},\"image\":{\"@id\":\"https:\\\/\\\/impulseducacio.org\\\/es\\\/cursos-campus-impuls\\\/herramientas\\\/toolkit_infografias\\\/toolkit\\\/#primaryimage\"},\"thumbnailUrl\":\"https:\\\/\\\/impulseducacio.org\\\/wp-content\\\/uploads\\\/2024\\\/07\\\/Producto-toolkit1-1-scaled.jpg\",\"datePublished\":\"2024-11-06T15:37:21+00:00\",\"dateModified\":\"2025-01-21T15:30:05+00:00\",\"breadcrumb\":{\"@id\":\"https:\\\/\\\/impulseducacio.org\\\/es\\\/cursos-campus-impuls\\\/herramientas\\\/toolkit_infografias\\\/toolkit\\\/#breadcrumb\"},\"inLanguage\":\"es\",\"potentialAction\":[{\"@type\":\"ReadAction\",\"target\":[\"https:\\\/\\\/impulseducacio.org\\\/es\\\/cursos-campus-impuls\\\/herramientas\\\/toolkit_infografias\\\/toolkit\\\/\"]}]},{\"@type\":\"ImageObject\",\"inLanguage\":\"es\",\"@id\":\"https:\\\/\\\/impulseducacio.org\\\/es\\\/cursos-campus-impuls\\\/herramientas\\\/toolkit_infografias\\\/toolkit\\\/#primaryimage\",\"url\":\"https:\\\/\\\/impulseducacio.org\\\/wp-content\\\/uploads\\\/2024\\\/07\\\/Producto-toolkit1-1-scaled.jpg\",\"contentUrl\":\"https:\\\/\\\/impulseducacio.org\\\/wp-content\\\/uploads\\\/2024\\\/07\\\/Producto-toolkit1-1-scaled.jpg\",\"width\":2187,\"height\":2560},{\"@type\":\"BreadcrumbList\",\"@id\":\"https:\\\/\\\/impulseducacio.org\\\/es\\\/cursos-campus-impuls\\\/herramientas\\\/toolkit_infografias\\\/toolkit\\\/#breadcrumb\",\"itemListElement\":[{\"@type\":\"ListItem\",\"position\":1,\"name\":\"Inicio\",\"item\":\"https:\\\/\\\/impulseducacio.org\\\/es\\\/\"},{\"@type\":\"ListItem\",\"position\":2,\"name\":\"Cursos\",\"item\":\"https:\\\/\\\/impulseducacio.org\\\/es\\\/cursos\\\/\"},{\"@type\":\"ListItem\",\"position\":3,\"name\":\"Toolkit\"}]},{\"@type\":\"WebSite\",\"@id\":\"https:\\\/\\\/impulseducacio.org\\\/es\\\/#website\",\"url\":\"https:\\\/\\\/impulseducacio.org\\\/es\\\/\",\"name\":\"IMPULS EDUCACI\u00d3\",\"description\":\"Espai d\u2019estudi i di\u00e0leg en temes educatius\",\"potentialAction\":[{\"@type\":\"SearchAction\",\"target\":{\"@type\":\"EntryPoint\",\"urlTemplate\":\"https:\\\/\\\/impulseducacio.org\\\/es\\\/?s={search_term_string}\"},\"query-input\":{\"@type\":\"PropertyValueSpecification\",\"valueRequired\":true,\"valueName\":\"search_term_string\"}}],\"inLanguage\":\"es\"}]}<\/script>\n<!-- \/ Yoast SEO plugin. -->","yoast_head_json":{"title":"Toolkit | IMPULS EDUCACI\u00d3","robots":{"index":"index","follow":"follow","max-snippet":"max-snippet:-1","max-image-preview":"max-image-preview:large","max-video-preview":"max-video-preview:-1"},"canonical":"https:\/\/impulseducacio.org\/es\/cursos-campus-impuls\/herramientas\/toolkit_infografias\/toolkit\/","og_locale":"es_ES","og_type":"article","og_title":"Toolkit | IMPULS EDUCACI\u00d3","og_description":"Elaborado por el equipo Impuls Educaci\u00f3","og_url":"https:\/\/impulseducacio.org\/es\/cursos-campus-impuls\/herramientas\/toolkit_infografias\/toolkit\/","og_site_name":"IMPULS EDUCACI\u00d3","article_publisher":"https:\/\/www.facebook.com\/impulseducacio2020","article_modified_time":"2025-01-21T15:30:05+00:00","og_image":[{"width":2187,"height":2560,"url":"https:\/\/impulseducacio.org\/wp-content\/uploads\/2024\/07\/Producto-toolkit1-1-scaled.jpg","type":"image\/jpeg"}],"twitter_card":"summary_large_image","twitter_site":"@ImpulsEducacio","twitter_misc":{"Est. reading time":"2 minutes"},"schema":{"@context":"https:\/\/schema.org","@graph":[{"@type":"WebPage","@id":"https:\/\/impulseducacio.org\/es\/cursos-campus-impuls\/herramientas\/toolkit_infografias\/toolkit\/","url":"https:\/\/impulseducacio.org\/es\/cursos-campus-impuls\/herramientas\/toolkit_infografias\/toolkit\/","name":"Toolkit | IMPULS EDUCACI\u00d3","isPartOf":{"@id":"https:\/\/impulseducacio.org\/es\/#website"},"primaryImageOfPage":{"@id":"https:\/\/impulseducacio.org\/es\/cursos-campus-impuls\/herramientas\/toolkit_infografias\/toolkit\/#primaryimage"},"image":{"@id":"https:\/\/impulseducacio.org\/es\/cursos-campus-impuls\/herramientas\/toolkit_infografias\/toolkit\/#primaryimage"},"thumbnailUrl":"https:\/\/impulseducacio.org\/wp-content\/uploads\/2024\/07\/Producto-toolkit1-1-scaled.jpg","datePublished":"2024-11-06T15:37:21+00:00","dateModified":"2025-01-21T15:30:05+00:00","breadcrumb":{"@id":"https:\/\/impulseducacio.org\/es\/cursos-campus-impuls\/herramientas\/toolkit_infografias\/toolkit\/#breadcrumb"},"inLanguage":"es","potentialAction":[{"@type":"ReadAction","target":["https:\/\/impulseducacio.org\/es\/cursos-campus-impuls\/herramientas\/toolkit_infografias\/toolkit\/"]}]},{"@type":"ImageObject","inLanguage":"es","@id":"https:\/\/impulseducacio.org\/es\/cursos-campus-impuls\/herramientas\/toolkit_infografias\/toolkit\/#primaryimage","url":"https:\/\/impulseducacio.org\/wp-content\/uploads\/2024\/07\/Producto-toolkit1-1-scaled.jpg","contentUrl":"https:\/\/impulseducacio.org\/wp-content\/uploads\/2024\/07\/Producto-toolkit1-1-scaled.jpg","width":2187,"height":2560},{"@type":"BreadcrumbList","@id":"https:\/\/impulseducacio.org\/es\/cursos-campus-impuls\/herramientas\/toolkit_infografias\/toolkit\/#breadcrumb","itemListElement":[{"@type":"ListItem","position":1,"name":"Inicio","item":"https:\/\/impulseducacio.org\/es\/"},{"@type":"ListItem","position":2,"name":"Cursos","item":"https:\/\/impulseducacio.org\/es\/cursos\/"},{"@type":"ListItem","position":3,"name":"Toolkit"}]},{"@type":"WebSite","@id":"https:\/\/impulseducacio.org\/es\/#website","url":"https:\/\/impulseducacio.org\/es\/","name":"IMPULS EDUCACI\u00d3","description":"Espai d\u2019estudi i di\u00e0leg en temes educatius","potentialAction":[{"@type":"SearchAction","target":{"@type":"EntryPoint","urlTemplate":"https:\/\/impulseducacio.org\/es\/?s={search_term_string}"},"query-input":{"@type":"PropertyValueSpecification","valueRequired":true,"valueName":"search_term_string"}}],"inLanguage":"es"}]}},"_links":{"self":[{"href":"https:\/\/impulseducacio.org\/es\/wp-json\/wp\/v2\/product\/42983","targetHints":{"allow":["GET"]}}],"collection":[{"href":"https:\/\/impulseducacio.org\/es\/wp-json\/wp\/v2\/product"}],"about":[{"href":"https:\/\/impulseducacio.org\/es\/wp-json\/wp\/v2\/types\/product"}],"replies":[{"embeddable":true,"href":"https:\/\/impulseducacio.org\/es\/wp-json\/wp\/v2\/comments?post=42983"}],"wp:featuredmedia":[{"embeddable":true,"href":"https:\/\/impulseducacio.org\/es\/wp-json\/wp\/v2\/media\/42982"}],"wp:attachment":[{"href":"https:\/\/impulseducacio.org\/es\/wp-json\/wp\/v2\/media?parent=42983"}],"wp:term":[{"taxonomy":"product_brand","embeddable":true,"href":"https:\/\/impulseducacio.org\/es\/wp-json\/wp\/v2\/product_brand?post=42983"},{"taxonomy":"product_cat","embeddable":true,"href":"https:\/\/impulseducacio.org\/es\/wp-json\/wp\/v2\/product_cat?post=42983"},{"taxonomy":"product_tag","embeddable":true,"href":"https:\/\/impulseducacio.org\/es\/wp-json\/wp\/v2\/product_tag?post=42983"}],"curies":[{"name":"wp","href":"https:\/\/api.w.org\/{rel}","templated":true}]}}