{"id":7639,"date":"2020-10-13T10:35:16","date_gmt":"2020-10-13T10:35:16","guid":{"rendered":"https:\/\/impulseducacio.org\/?page_id=7639"},"modified":"2020-10-13T10:54:13","modified_gmt":"2020-10-13T10:54:13","slug":"politica-de-cookies","status":"publish","type":"page","link":"https:\/\/impulseducacio.org\/es\/politica-de-cookies\/","title":{"rendered":"Pol\u00edtica de cookies"},"content":{"rendered":"<p><div class=\"fusion-fullwidth fullwidth-box fusion-builder-row-1 fusion-parallax-none nonhundred-percent-fullwidth non-hundred-percent-height-scrolling\" style=\"--awb-border-radius-top-left:0px;--awb-border-radius-top-right:0px;--awb-border-radius-bottom-right:0px;--awb-border-radius-bottom-left:0px;--awb-padding-top:288px;--awb-padding-right:0px;--awb-padding-bottom:0px;--awb-margin-top:0px;--awb-margin-bottom:0px;--awb-background-color:rgba(212,222,227,0);--awb-background-image:linear-gradient(180deg, rgba(0,0,0,0.56) 0%,rgba(255,255,255,0) 100%),url(https:\/\/impulseducacio.org\/wp-content\/uploads\/2020\/04\/pubicacoins-cap\u00e7alera.jpg);;--awb-background-size:cover;--awb-flex-wrap:wrap;\" ><div class=\"fusion-builder-row fusion-row\"><div class=\"fusion-layout-column fusion_builder_column fusion-builder-column-0 fusion_builder_column_1_1 1_1 fusion-one-full fusion-column-first fusion-column-last\" style=\"--awb-bg-size:cover;--awb-margin-top:0px;--awb-margin-bottom:0px;\"><div class=\"fusion-column-wrapper fusion-column-has-shadow fusion-flex-column-wrapper-legacy\"><div class=\"fusion-section-separator section-separator waves fusion-section-separator-1\" style=\"--awb-spacer-padding-top:15.8203125%;--awb-svg-margin-left:0;--awb-svg-margin-right:0;--awb-sep-font-size:0;--awb-sep-line-height:0;\"><div class=\"fusion-section-separator-svg\"><svg class=\"fusion-waves-candy\" xmlns=\"http:\/\/www.w3.org\/2000\/svg\" version=\"1.1\" width=\"100%\" viewBox=\"0 54 1024 162\" preserveAspectRatio=\"none\" fill=\"rgba(255,255,255,1)\"><path class=\"st3\" d=\"M0 216.312h1024v-3.044c-50.8-17.1-108.7-30.7-172.7-37.9-178.6-19.8-220 36.8-404.9 21.3-206.6-17.2-228-126.5-434.5-141.6-3.9-.3-7.9-.5-11.9-.7v161.944z\"\/><\/svg><\/div><div class=\"fusion-section-separator-spacer\"><div class=\"fusion-section-separator-spacer-height\"><\/div><\/div><\/div><div class=\"fusion-clearfix\"><\/div><\/div><\/div><\/div><\/div><div class=\"fusion-fullwidth fullwidth-box fusion-builder-row-2 nonhundred-percent-fullwidth non-hundred-percent-height-scrolling\" style=\"--awb-border-radius-top-left:0px;--awb-border-radius-top-right:0px;--awb-border-radius-bottom-right:0px;--awb-border-radius-bottom-left:0px;--awb-padding-bottom:0px;--awb-margin-bottom:0px;--awb-flex-wrap:wrap;\" ><div class=\"fusion-builder-row fusion-row\"><div class=\"fusion-layout-column fusion_builder_column fusion-builder-column-1 fusion_builder_column_1_6 1_6 fusion-one-sixth fusion-column-first fusion-no-small-visibility\" style=\"--awb-bg-size:cover;--awb-margin-top:10px;--awb-margin-bottom:10px;width:16.666666666667%;width:calc(16.666666666667% - ( ( 4% + 4% ) * 0.16666666666667 ) );margin-right: 4%;\"><div class=\"fusion-column-wrapper fusion-column-has-shadow fusion-flex-column-wrapper-legacy\"><div class=\"fusion-clearfix\"><\/div><\/div><\/div><div class=\"fusion-layout-column fusion_builder_column fusion-builder-column-2 fusion_builder_column_2_3 2_3 fusion-two-third\" style=\"--awb-bg-size:cover;width:66.666666666667%;width:calc(66.666666666667% - ( ( 4% + 4% ) * 0.66666666666667 ) );margin-right: 4%;\"><div class=\"fusion-column-wrapper fusion-column-has-shadow fusion-flex-column-wrapper-legacy\"><div class=\"fusion-title title fusion-title-1 fusion-sep-none fusion-title-center fusion-title-text fusion-title-size-two\" style=\"--awb-text-color:#48626f;--awb-margin-top:0px;--awb-margin-bottom:40px;--awb-margin-bottom-small:42px;\"><h2 class=\"fusion-title-heading title-heading-center fusion-responsive-typography-calculated\" style=\"font-family:&quot;Open Sans&quot;;font-style:normal;font-weight:300;margin:0;--fontSize:48;line-height:1.18;\"><span style=\"font-family: 'Open Sans'; font-weight: 300;\" data-fusion-font=\"true\" data-fusion-google-font=\"Open Sans\" data-fusion-google-variant=\"300\" data-fusion-google-subset=\"latin\">Pol\u00edtica de cookies<\/span><\/h2><\/div><div class=\"fusion-text fusion-text-1\"><h4>1. \u00bfQu\u00e9 es una cookie? \u00bfPara qu\u00e9 sirven?<\/h4>\n<\/div><div class=\"fusion-text fusion-text-2\"><p>Las cookies son ficheros de texto que se bajan en el equipo terminal del usuario (ordenador, tablet, tel\u00e9fono m\u00f3vil&#8230;) y que se guardan en la memoria del navegador. Con la navegaci\u00f3n por la web de Instituci\u00f3 prest\u00e1is el consentimiento a recibir estas cookies.<\/p>\n<p>Las cookies son necesarias para facilitar la navegaci\u00f3n y hacerla m\u00e1s \u00e1gil. Las cookies nos ayudan a identificarte y a recordar las preferencias durante la navegaci\u00f3n.<\/p>\n<p>Aunque en esta pol\u00edtica se utiliza el t\u00e9rmino general de cookies porque es el principal m\u00e9todo de almacenamiento de informaci\u00f3n que utiliza nuestro espacio web, tambi\u00e9n se utiliza el espacio \u201cAlmacenamiento local\u201d del navegador para la misma finalidad que las cookies. Por tanto, toda la informaci\u00f3n incluida en esta secci\u00f3n es aplicable igualmente a este \u201cAlmacenamiento local\u201d<\/p>\n<p>No almacenamos informaci\u00f3n sensible de identificaci\u00f3n personal, como por ejemplo tu direcci\u00f3n, y no utilizamos las cookies para finalidades comerciales.<\/p>\n<\/div><div class=\"fusion-text fusion-text-3\"><h4>2. \u00bfQui\u00e9n utilitza la informaci\u00f3n almacenada en las cookies?<\/h4>\n<p>La informaci\u00f3n almacenada en las cookies de nuestro espacio web s\u00f3lo la utilizamos nosotros (excepto las de Google Analytics, que las utiliza y gestiona Google y nosotros para finalidades estad\u00edsticas).<\/p>\n<h4>3. \u00bfPuedo deshabilitar las cookies?<\/h4>\n<p>Pod\u00e9is desactivar las cookies, pero tened en cuenta que si las desactiv\u00e1is quiz\u00e1s no pod\u00e1is acceder a determinadas partes de nuestra web o que la navegaci\u00f3n sea menos eficiente. Para obtener m\u00e1s informaci\u00f3n sobre la configuraci\u00f3n de las cookies en el navegador, consultad el men\u00fa \u201cAyuda\u201d de vuestro ordenador.<\/p>\n<h4>\u00a04. \u00bfQu\u00e9 cookies utiliza Impuls Educaci\u00f3?<\/h4>\n<p><b>Cookies de sesi\u00f3n<br \/>\n<\/b>Son cookies temporales que se quedan en el archivo de cookies de su navegador hasta que abandone la p\u00e1gina web, por lo que no queda registrada en el disco duro del usuario. La informaci\u00f3n obtenida por medio de estas cookies, sirve para analizar pautas de tr\u00e1fico en la web. A la larga, eso nos permite proporcionar una mejor experiencia para mejorar el contenido de la Web y facilitar su uso.<\/p>\n<p><b>Cookies permanentes<br \/>\n<\/b>Quedan almacenadas en el disco duro y la web las detecta cada vez que el usuario realiza una nueva visita. Una web permanente posee una fecha de expiraci\u00f3n determinada. La cookie dejar\u00e1 de funcionar despu\u00e9s de esta fecha. Se utilizan generalmente para facilitar, por ejemplo, los servicios de registro.<\/p>\n<p><b>Cookies t\u00e9cnicas<br \/>\n<\/b>Las cookies t\u00e9cnicas son aquellas imprescindibles y estrictamente necesarias para el correcto funcionamiento de un portal Web y la utilizaci\u00f3n de las diferentes opciones y servicios que ofrece. Por ejemplo, las que sirven para el mantenimiento de la sesi\u00f3n, la gesti\u00f3n del tiempo de respuesta, rendimiento o validaci\u00f3n de opciones, utilizar elementos de seguridad, compartir contenido con las redes sociales, etc.<\/p>\n<p><b>Cookies de personalizaci\u00f3n<br \/>\n<\/b>Estas cookies permiten al usuario especificar o personalizar algunas caracter\u00edsticas de las opciones generales de la p\u00e1gina Web. Por ejemple, definir el idioma, configuraci\u00f3n regional o tipo de navegador.<\/p>\n<p><b>Cookies anal\u00edticas<br \/>\n<\/b>Las cookies anal\u00edticas son las utilizadas por nuestros portales Web, para elaborar el an\u00e1lisis del comportamiento de los usuarios en los espacios web y perfiles de navegaci\u00f3n, as\u00ed como para conocer las preferencias de los usuarios con la finalidad de mejorar la oferta de productos y servicios. Por ejemplo, mediante una cookie anal\u00edtica se controlar\u00edan las \u00e1reas geogr\u00e1ficas de mayor inter\u00e9s de un usuario, cu\u00e1l es el producto de m\u00e1s aceptaci\u00f3n, etc.<\/p>\n<p><b>Cookies publicitarias<br \/>\n<\/b>Son aquellas que permiten la gesti\u00f3n eficaz de los espacios publicitarios que se han incluido en la p\u00e1gina web o aplicaci\u00f3n desde la que se presta el servicio. Permiten adecuar el contenido de la publicidad para que esta sea relevante para\u00a0 el usuario y para evitar mostrar anuncios que el usuario ya haya visto.<\/p>\n<p><b>Cookies de redes sociales<br \/>\n<\/b>Para facilitar que el usuario pueda compartir contenidos de la p\u00e1gina web en diferentes redes sociales, se han incluido botones espec\u00edficos. Estos botones pueden suponer que la red social a la que enlacen instalen cookies que, no estando bajo el control de Instituci\u00f3, pueden tener la finalidad de gestionar el inicio de sesi\u00f3n del usuario en la red social, el mantenimiento de esta sesi\u00f3n, o mostrar el contador sobre cuantas veces se ha compartido un determinado contenido en cada red social. Recomendamos a los usuarios que revisen regularmente las pol\u00edticas de privacidad y de cookies de cada red social y, si fuera necesario, modifiquen los par\u00e1metros de privacidad de cada una de ellas para limitar las finalidades de rastreo que puedan llevar a cabo y ajustar estos par\u00e1metros a sus propios intereses.<\/p>\n<p>Es posible que, al visitar una p\u00e1gina Web se publique un anuncio o una promoci\u00f3n sobre nuestros servicios, se instale en el navegador alguna cookie que nos sirva para desarrollar un control de nuestros anuncios en relaci\u00f3n, por ejemplo, con el n\u00famero de veces que son vistos, d\u00f3nde aparecen, a qu\u00e9 hora se ven, etc.<\/p>\n<p>Puede suceder que algunas cookies utilizadas en esta Web no est\u00e9n relacionadas con Instituci\u00f3. Eso se debe al hecho de que algunas p\u00e1ginas de la Web tienen insertado contenido procedente de Webs de terceras partes. A causa de que el contenido referido procede de otra Web, Instituci\u00f3 no controla la configuraci\u00f3n de estas cookies. Si usted quiere cambiar sus preferencias de configuraci\u00f3n de cookies, deber\u00e1 consultar los espacios web de estas terceras partes para obtener informaci\u00f3n.<\/p>\n<p><b>Cookies Anal\u00edticas<br \/>\n<\/b>Google Analytics (Google)<\/p>\n<p>http:\/\/www.google.com\/analytics\/<\/p>\n<p><b>Cookies Redes Sociales<br \/>\n<\/b>Facebook https:\/\/www.facebook.com\/help\/cookies\/<\/p>\n<p>Twitter https:\/\/support.twitter.com\/articles\/20170521-el-uso-que-hace-twitter-de-cookies-y-tecnologias-similares<\/p>\n<p>Google Plus https:\/\/www.google.es\/intl\/es\/policies\/technologies\/types\/<\/p>\n<p>Instagram <a href=\"https:\/\/h\/\">https:\/\/h<\/a>elp.instagram.com\/155833707900388<\/p>\n<p>Youtube http:\/\/www.canalyoutube.es\/politica-de-cookies\/<\/p>\n<p>Pinterest <a href=\"https:\/\/a\/\">https:\/\/a<\/a>bout.pinterest.com\/es\/cookie-policy<\/p>\n<p><b>Cookies Publicitarias<br \/>\n<\/b><\/p>\n<p>Google Adwords<br \/>\nhttps:\/\/www.google.com\/settings\/u\/0\/ads?hl=es&#038;sig=ACi0TCgHHlC1f2NVBSCChYs4Ayc3TupaEbkiVLm1XurP94DxHy29ni-YaT6nZkIFzqvUxkFpB5DgXKx1ouNmLUCmvm1Blxsc-BM_zIfo8q4SXiQHtgNShoKT-93FlSfMg2sSj4PVlYiLSKhxhtm6anWfh0MWrg_TWSDS-6S0VJYLL0OHW3-jSZ0<\/p>\n<h4>5. \u00bfY si no quiero tener estas cookies o no hago nada sobre el tema?<\/h4>\n<p>Para cumplir con la legislaci\u00f3n vigente, debemos pedir su permiso para gestionar cookies. Si decide no autorizar el tratamiento indic\u00e1ndonos su no conformidad, s\u00f3lo usar\u00edamos las cookies t\u00e9cnicas, ya que son imprescindibles para la navegaci\u00f3n por nuestra Web. En este caso, no almacenar\u00edamos ninguna cookie. En el caso de seguir navegando por nuestro espacio web sin denegar su autorizaci\u00f3n implica que acepta su uso.<\/p>\n<p>Tenga en cuenta que si rechaza o borra las cookies de navegaci\u00f3n para la Web, no podremos mantener sus preferencias, algunas caracter\u00edsticas de las p\u00e1ginas no estar\u00e1n operativas, no podremos ofrecerle servicios personalizados y cada vez que vaya a navegar deberemos solicitarle de nuevo su autorizaci\u00f3n para el uso de cookies.<\/p>\n<p>Si aun as\u00ed, decide modificar la configuraci\u00f3n de su acceso a la p\u00e1gina Web, debe saber que es posible eliminar las cookies o impedir que se registre esta informaci\u00f3n en su equipo mediante la modificaci\u00f3n de los par\u00e1metros de configuraci\u00f3n de su navegador.<\/p>\n<p>Adem\u00e1s, puede retirar en cualquier momento el consentimiento relacionado con la presente Pol\u00edtica de Cookies, eliminando las cookies almacenades en su equipo a trav\u00e9s de los ajustes y configuraciones de su navegador de Internet.<\/p>\n<p>Chrome<\/p>\n<p>http:\/\/support.google.com\/chrome\/bin\/answer.py?hl=es&#038;answer=95647<\/p>\n<p>Explorer<\/p>\n<p>http:\/\/windows.microsoft.com\/es-es\/windows7\/how-to-manage-Cookies-in-internet-explorer-9<\/p>\n<p>Firefox<\/p>\n<p>http:\/\/support.mozilla.org\/es\/kb\/habilitar-y-deshabilitar-Cookies-que-los-sitios-we<\/p>\n<p>Safari<\/p>\n<p>http:\/\/support.apple.com\/kb\/ph5042<\/p>\n<\/div><div class=\"fusion-sep-clear\"><\/div><div class=\"fusion-separator fusion-full-width-sep\" style=\"margin-left: auto;margin-right: auto;margin-top:40px;width:100%;\"><\/div><div class=\"fusion-sep-clear\"><\/div><div class=\"fusion-clearfix\"><\/div><\/div><\/div><div class=\"fusion-layout-column fusion_builder_column fusion-builder-column-3 fusion_builder_column_1_6 1_6 fusion-one-sixth fusion-column-last fusion-no-small-visibility\" style=\"--awb-bg-size:cover;--awb-margin-top:10px;--awb-margin-bottom:10px;width:16.666666666667%;width:calc(16.666666666667% - ( ( 4% + 4% ) * 0.16666666666667 ) );\"><div class=\"fusion-column-wrapper fusion-column-has-shadow fusion-flex-column-wrapper-legacy\"><div class=\"fusion-clearfix\"><\/div><\/div><\/div><div class=\"fusion-layout-column fusion_builder_column fusion-builder-column-4 fusion_builder_column_1_1 1_1 fusion-one-full fusion-column-first fusion-column-last\" style=\"--awb-bg-size:cover;--awb-margin-bottom:0px;\"><div class=\"fusion-column-wrapper fusion-column-has-shadow fusion-flex-column-wrapper-legacy\"><div class=\"fusion-section-separator section-separator waves fusion-section-separator-2\" style=\"--awb-spacer-padding-top:15.8203125%;--awb-svg-margin-left:0;--awb-svg-margin-right:0;--awb-sep-font-size:0;--awb-sep-line-height:0;\"><div class=\"fusion-section-separator-svg\"><svg class=\"fusion-waves-candy\" xmlns=\"http:\/\/www.w3.org\/2000\/svg\" version=\"1.1\" width=\"100%\" viewBox=\"0 54 1024 162\" preserveAspectRatio=\"none\" fill=\"rgba(228,232,233,1)\"><path class=\"st3\" d=\"M1024.1 54.368c-4 .2-8 .4-11.9.7-206.5 15.1-227.9 124.4-434.5 141.6-184.9 15.5-226.3-41.1-404.9-21.3-64 7.2-121.9 20.8-172.7 37.9v3.044h1024V54.368z\"\/><\/svg><\/div><div class=\"fusion-section-separator-spacer\"><div class=\"fusion-section-separator-spacer-height\"><\/div><\/div><\/div><div class=\"fusion-clearfix\"><\/div><\/div><\/div><\/div><\/div><\/p>\n","protected":false},"excerpt":{"rendered":"","protected":false},"author":5,"featured_media":0,"parent":0,"menu_order":0,"comment_status":"closed","ping_status":"closed","template":"100-width.php","meta":{"_acf_changed":false,"footnotes":""},"class_list":["post-7639","page","type-page","status-publish","hentry"],"acf":[],"yoast_head":"<!-- This site is optimized with the Yoast SEO plugin v27.3 - https:\/\/yoast.com\/product\/yoast-seo-wordpress\/ -->\n<title>Pol\u00edtica de cookies | IMPULS EDUCACI\u00d3<\/title>\n<meta name=\"robots\" content=\"index, follow, max-snippet:-1, max-image-preview:large, max-video-preview:-1\" \/>\n<link rel=\"canonical\" href=\"https:\/\/impulseducacio.org\/es\/politica-de-cookies\/\" \/>\n<meta property=\"og:locale\" content=\"es_ES\" \/>\n<meta property=\"og:type\" content=\"article\" \/>\n<meta property=\"og:title\" content=\"Pol\u00edtica de cookies | IMPULS EDUCACI\u00d3\" \/>\n<meta property=\"og:url\" content=\"https:\/\/impulseducacio.org\/es\/politica-de-cookies\/\" \/>\n<meta property=\"og:site_name\" content=\"IMPULS EDUCACI\u00d3\" \/>\n<meta property=\"article:publisher\" content=\"https:\/\/www.facebook.com\/impulseducacio2020\" \/>\n<meta property=\"article:modified_time\" content=\"2020-10-13T10:54:13+00:00\" \/>\n<meta name=\"twitter:card\" content=\"summary_large_image\" \/>\n<meta name=\"twitter:site\" content=\"@ImpulsEducacio\" \/>\n<meta name=\"twitter:label1\" content=\"Est. reading time\" \/>\n\t<meta name=\"twitter:data1\" content=\"12 minutes\" \/>\n<script type=\"application\/ld+json\" class=\"yoast-schema-graph\">{\"@context\":\"https:\\\/\\\/schema.org\",\"@graph\":[{\"@type\":\"WebPage\",\"@id\":\"https:\\\/\\\/impulseducacio.org\\\/es\\\/politica-de-cookies\\\/\",\"url\":\"https:\\\/\\\/impulseducacio.org\\\/es\\\/politica-de-cookies\\\/\",\"name\":\"Pol\u00edtica de cookies | IMPULS EDUCACI\u00d3\",\"isPartOf\":{\"@id\":\"https:\\\/\\\/impulseducacio.org\\\/es\\\/#website\"},\"datePublished\":\"2020-10-13T10:35:16+00:00\",\"dateModified\":\"2020-10-13T10:54:13+00:00\",\"breadcrumb\":{\"@id\":\"https:\\\/\\\/impulseducacio.org\\\/es\\\/politica-de-cookies\\\/#breadcrumb\"},\"inLanguage\":\"es\",\"potentialAction\":[{\"@type\":\"ReadAction\",\"target\":[\"https:\\\/\\\/impulseducacio.org\\\/es\\\/politica-de-cookies\\\/\"]}]},{\"@type\":\"BreadcrumbList\",\"@id\":\"https:\\\/\\\/impulseducacio.org\\\/es\\\/politica-de-cookies\\\/#breadcrumb\",\"itemListElement\":[{\"@type\":\"ListItem\",\"position\":1,\"name\":\"Inicio\",\"item\":\"https:\\\/\\\/impulseducacio.org\\\/es\\\/\"},{\"@type\":\"ListItem\",\"position\":2,\"name\":\"Pol\u00edtica de cookies\"}]},{\"@type\":\"WebSite\",\"@id\":\"https:\\\/\\\/impulseducacio.org\\\/es\\\/#website\",\"url\":\"https:\\\/\\\/impulseducacio.org\\\/es\\\/\",\"name\":\"IMPULS EDUCACI\u00d3\",\"description\":\"Espai d\u2019estudi i di\u00e0leg en temes educatius\",\"potentialAction\":[{\"@type\":\"SearchAction\",\"target\":{\"@type\":\"EntryPoint\",\"urlTemplate\":\"https:\\\/\\\/impulseducacio.org\\\/es\\\/?s={search_term_string}\"},\"query-input\":{\"@type\":\"PropertyValueSpecification\",\"valueRequired\":true,\"valueName\":\"search_term_string\"}}],\"inLanguage\":\"es\"}]}<\/script>\n<!-- \/ Yoast SEO plugin. -->","yoast_head_json":{"title":"Pol\u00edtica de cookies | IMPULS EDUCACI\u00d3","robots":{"index":"index","follow":"follow","max-snippet":"max-snippet:-1","max-image-preview":"max-image-preview:large","max-video-preview":"max-video-preview:-1"},"canonical":"https:\/\/impulseducacio.org\/es\/politica-de-cookies\/","og_locale":"es_ES","og_type":"article","og_title":"Pol\u00edtica de cookies | IMPULS EDUCACI\u00d3","og_url":"https:\/\/impulseducacio.org\/es\/politica-de-cookies\/","og_site_name":"IMPULS EDUCACI\u00d3","article_publisher":"https:\/\/www.facebook.com\/impulseducacio2020","article_modified_time":"2020-10-13T10:54:13+00:00","twitter_card":"summary_large_image","twitter_site":"@ImpulsEducacio","twitter_misc":{"Est. reading time":"12 minutes"},"schema":{"@context":"https:\/\/schema.org","@graph":[{"@type":"WebPage","@id":"https:\/\/impulseducacio.org\/es\/politica-de-cookies\/","url":"https:\/\/impulseducacio.org\/es\/politica-de-cookies\/","name":"Pol\u00edtica de cookies | IMPULS EDUCACI\u00d3","isPartOf":{"@id":"https:\/\/impulseducacio.org\/es\/#website"},"datePublished":"2020-10-13T10:35:16+00:00","dateModified":"2020-10-13T10:54:13+00:00","breadcrumb":{"@id":"https:\/\/impulseducacio.org\/es\/politica-de-cookies\/#breadcrumb"},"inLanguage":"es","potentialAction":[{"@type":"ReadAction","target":["https:\/\/impulseducacio.org\/es\/politica-de-cookies\/"]}]},{"@type":"BreadcrumbList","@id":"https:\/\/impulseducacio.org\/es\/politica-de-cookies\/#breadcrumb","itemListElement":[{"@type":"ListItem","position":1,"name":"Inicio","item":"https:\/\/impulseducacio.org\/es\/"},{"@type":"ListItem","position":2,"name":"Pol\u00edtica de cookies"}]},{"@type":"WebSite","@id":"https:\/\/impulseducacio.org\/es\/#website","url":"https:\/\/impulseducacio.org\/es\/","name":"IMPULS EDUCACI\u00d3","description":"Espai d\u2019estudi i di\u00e0leg en temes educatius","potentialAction":[{"@type":"SearchAction","target":{"@type":"EntryPoint","urlTemplate":"https:\/\/impulseducacio.org\/es\/?s={search_term_string}"},"query-input":{"@type":"PropertyValueSpecification","valueRequired":true,"valueName":"search_term_string"}}],"inLanguage":"es"}]}},"_links":{"self":[{"href":"https:\/\/impulseducacio.org\/es\/wp-json\/wp\/v2\/pages\/7639","targetHints":{"allow":["GET"]}}],"collection":[{"href":"https:\/\/impulseducacio.org\/es\/wp-json\/wp\/v2\/pages"}],"about":[{"href":"https:\/\/impulseducacio.org\/es\/wp-json\/wp\/v2\/types\/page"}],"author":[{"embeddable":true,"href":"https:\/\/impulseducacio.org\/es\/wp-json\/wp\/v2\/users\/5"}],"replies":[{"embeddable":true,"href":"https:\/\/impulseducacio.org\/es\/wp-json\/wp\/v2\/comments?post=7639"}],"version-history":[{"count":4,"href":"https:\/\/impulseducacio.org\/es\/wp-json\/wp\/v2\/pages\/7639\/revisions"}],"predecessor-version":[{"id":7643,"href":"https:\/\/impulseducacio.org\/es\/wp-json\/wp\/v2\/pages\/7639\/revisions\/7643"}],"wp:attachment":[{"href":"https:\/\/impulseducacio.org\/es\/wp-json\/wp\/v2\/media?parent=7639"}],"curies":[{"name":"wp","href":"https:\/\/api.w.org\/{rel}","templated":true}]}}