{"id":25240,"date":"2023-03-20T15:18:34","date_gmt":"2023-03-20T15:18:34","guid":{"rendered":"https:\/\/impulseducacio.org\/product\/revista-dialegs-educar-en-lera-de-la-innovacio\/"},"modified":"2024-06-18T08:11:57","modified_gmt":"2024-06-18T08:11:57","slug":"revista-dialegs-educar-en-lera-de-la-innovacio","status":"publish","type":"product","link":"https:\/\/impulseducacio.org\/en\/cursos-campus-impuls\/revista-en\/revista-dialegs-educar-en-lera-de-la-innovacio\/","title":{"rendered":"Di\u00e0legs magazine. Educating in the age of innovation"},"content":{"rendered":"<p>Educating in the age of innovation. With the Participation of Tony Wagner, Robert Swartz, Coral Reg\u00ed, Sebastian Martin, Coral Reg\u00ed, Maria Batet, Garbi\u00f1e Larralde, Edward de Bono, and others<\/p>\n","protected":false},"excerpt":{"rendered":"<p>Printed magazine<\/p>\n","protected":false},"featured_media":20291,"comment_status":"open","ping_status":"closed","template":"","meta":{"_acf_changed":false},"product_brand":[],"product_cat":[434],"product_tag":[],"class_list":{"0":"post-25240","1":"product","2":"type-product","3":"status-publish","4":"has-post-thumbnail","6":"product_cat-revista-en","8":"first","9":"instock","10":"taxable","11":"shipping-taxable","12":"purchasable","13":"product-type-variable"},"acf":[],"yoast_head":"<!-- This site is optimized with the Yoast SEO plugin v27.4 - https:\/\/yoast.com\/product\/yoast-seo-wordpress\/ -->\n<title>Di\u00e0legs magazine. Educating in the age of innovation | IMPULS EDUCACI\u00d3<\/title>\n<meta name=\"robots\" content=\"index, follow, max-snippet:-1, max-image-preview:large, max-video-preview:-1\" \/>\n<link rel=\"canonical\" href=\"https:\/\/impulseducacio.org\/en\/cursos-campus-impuls\/revista-en\/revista-dialegs-educar-en-lera-de-la-innovacio\/\" \/>\n<meta property=\"og:locale\" content=\"en_US\" \/>\n<meta property=\"og:type\" content=\"article\" \/>\n<meta property=\"og:title\" content=\"Di\u00e0legs magazine. Educating in the age of innovation | IMPULS EDUCACI\u00d3\" \/>\n<meta property=\"og:description\" content=\"Printed magazine\" \/>\n<meta property=\"og:url\" content=\"https:\/\/impulseducacio.org\/en\/cursos-campus-impuls\/revista-en\/revista-dialegs-educar-en-lera-de-la-innovacio\/\" \/>\n<meta property=\"og:site_name\" content=\"IMPULS EDUCACI\u00d3\" \/>\n<meta property=\"article:publisher\" content=\"https:\/\/www.facebook.com\/impulseducacio2020\" \/>\n<meta property=\"article:modified_time\" content=\"2024-06-18T08:11:57+00:00\" \/>\n<meta property=\"og:image\" content=\"https:\/\/impulseducacio.org\/wp-content\/uploads\/2022\/11\/Portada-Dialegs-Creativitat_CAT.jpg\" \/>\n\t<meta property=\"og:image:width\" content=\"1960\" \/>\n\t<meta property=\"og:image:height\" content=\"2374\" \/>\n\t<meta property=\"og:image:type\" content=\"image\/jpeg\" \/>\n<meta name=\"twitter:card\" content=\"summary_large_image\" \/>\n<meta name=\"twitter:site\" content=\"@ImpulsEducacio\" \/>\n<script type=\"application\/ld+json\" class=\"yoast-schema-graph\">{\"@context\":\"https:\\\/\\\/schema.org\",\"@graph\":[{\"@type\":\"WebPage\",\"@id\":\"https:\\\/\\\/impulseducacio.org\\\/en\\\/cursos-campus-impuls\\\/revista-en\\\/revista-dialegs-educar-en-lera-de-la-innovacio\\\/\",\"url\":\"https:\\\/\\\/impulseducacio.org\\\/en\\\/cursos-campus-impuls\\\/revista-en\\\/revista-dialegs-educar-en-lera-de-la-innovacio\\\/\",\"name\":\"Di\u00e0legs magazine. Educating in the age of innovation | IMPULS EDUCACI\u00d3\",\"isPartOf\":{\"@id\":\"https:\\\/\\\/impulseducacio.org\\\/en\\\/#website\"},\"primaryImageOfPage\":{\"@id\":\"https:\\\/\\\/impulseducacio.org\\\/en\\\/cursos-campus-impuls\\\/revista-en\\\/revista-dialegs-educar-en-lera-de-la-innovacio\\\/#primaryimage\"},\"image\":{\"@id\":\"https:\\\/\\\/impulseducacio.org\\\/en\\\/cursos-campus-impuls\\\/revista-en\\\/revista-dialegs-educar-en-lera-de-la-innovacio\\\/#primaryimage\"},\"thumbnailUrl\":\"https:\\\/\\\/impulseducacio.org\\\/wp-content\\\/uploads\\\/2022\\\/11\\\/Portada-Dialegs-Creativitat_CAT.jpg\",\"datePublished\":\"2023-03-20T15:18:34+00:00\",\"dateModified\":\"2024-06-18T08:11:57+00:00\",\"breadcrumb\":{\"@id\":\"https:\\\/\\\/impulseducacio.org\\\/en\\\/cursos-campus-impuls\\\/revista-en\\\/revista-dialegs-educar-en-lera-de-la-innovacio\\\/#breadcrumb\"},\"inLanguage\":\"en\",\"potentialAction\":[{\"@type\":\"ReadAction\",\"target\":[\"https:\\\/\\\/impulseducacio.org\\\/en\\\/cursos-campus-impuls\\\/revista-en\\\/revista-dialegs-educar-en-lera-de-la-innovacio\\\/\"]}]},{\"@type\":\"ImageObject\",\"inLanguage\":\"en\",\"@id\":\"https:\\\/\\\/impulseducacio.org\\\/en\\\/cursos-campus-impuls\\\/revista-en\\\/revista-dialegs-educar-en-lera-de-la-innovacio\\\/#primaryimage\",\"url\":\"https:\\\/\\\/impulseducacio.org\\\/wp-content\\\/uploads\\\/2022\\\/11\\\/Portada-Dialegs-Creativitat_CAT.jpg\",\"contentUrl\":\"https:\\\/\\\/impulseducacio.org\\\/wp-content\\\/uploads\\\/2022\\\/11\\\/Portada-Dialegs-Creativitat_CAT.jpg\",\"width\":1960,\"height\":2374},{\"@type\":\"BreadcrumbList\",\"@id\":\"https:\\\/\\\/impulseducacio.org\\\/en\\\/cursos-campus-impuls\\\/revista-en\\\/revista-dialegs-educar-en-lera-de-la-innovacio\\\/#breadcrumb\",\"itemListElement\":[{\"@type\":\"ListItem\",\"position\":1,\"name\":\"Start\",\"item\":\"https:\\\/\\\/impulseducacio.org\\\/en\\\/\"},{\"@type\":\"ListItem\",\"position\":2,\"name\":\"Cursos\",\"item\":\"https:\\\/\\\/impulseducacio.org\\\/cursos-campus-impuls\\\/\"},{\"@type\":\"ListItem\",\"position\":3,\"name\":\"Di\u00e0legs magazine. Educating in the age of innovation\"}]},{\"@type\":\"WebSite\",\"@id\":\"https:\\\/\\\/impulseducacio.org\\\/en\\\/#website\",\"url\":\"https:\\\/\\\/impulseducacio.org\\\/en\\\/\",\"name\":\"IMPULS EDUCACI\u00d3\",\"description\":\"Espai d\u2019estudi i di\u00e0leg en temes educatius\",\"potentialAction\":[{\"@type\":\"SearchAction\",\"target\":{\"@type\":\"EntryPoint\",\"urlTemplate\":\"https:\\\/\\\/impulseducacio.org\\\/en\\\/?s={search_term_string}\"},\"query-input\":{\"@type\":\"PropertyValueSpecification\",\"valueRequired\":true,\"valueName\":\"search_term_string\"}}],\"inLanguage\":\"en\"}]}<\/script>\n<!-- \/ Yoast SEO plugin. -->","yoast_head_json":{"title":"Di\u00e0legs magazine. Educating in the age of innovation | IMPULS EDUCACI\u00d3","robots":{"index":"index","follow":"follow","max-snippet":"max-snippet:-1","max-image-preview":"max-image-preview:large","max-video-preview":"max-video-preview:-1"},"canonical":"https:\/\/impulseducacio.org\/en\/cursos-campus-impuls\/revista-en\/revista-dialegs-educar-en-lera-de-la-innovacio\/","og_locale":"en_US","og_type":"article","og_title":"Di\u00e0legs magazine. Educating in the age of innovation | IMPULS EDUCACI\u00d3","og_description":"Printed magazine","og_url":"https:\/\/impulseducacio.org\/en\/cursos-campus-impuls\/revista-en\/revista-dialegs-educar-en-lera-de-la-innovacio\/","og_site_name":"IMPULS EDUCACI\u00d3","article_publisher":"https:\/\/www.facebook.com\/impulseducacio2020","article_modified_time":"2024-06-18T08:11:57+00:00","og_image":[{"width":1960,"height":2374,"url":"https:\/\/impulseducacio.org\/wp-content\/uploads\/2022\/11\/Portada-Dialegs-Creativitat_CAT.jpg","type":"image\/jpeg"}],"twitter_card":"summary_large_image","twitter_site":"@ImpulsEducacio","schema":{"@context":"https:\/\/schema.org","@graph":[{"@type":"WebPage","@id":"https:\/\/impulseducacio.org\/en\/cursos-campus-impuls\/revista-en\/revista-dialegs-educar-en-lera-de-la-innovacio\/","url":"https:\/\/impulseducacio.org\/en\/cursos-campus-impuls\/revista-en\/revista-dialegs-educar-en-lera-de-la-innovacio\/","name":"Di\u00e0legs magazine. Educating in the age of innovation | IMPULS EDUCACI\u00d3","isPartOf":{"@id":"https:\/\/impulseducacio.org\/en\/#website"},"primaryImageOfPage":{"@id":"https:\/\/impulseducacio.org\/en\/cursos-campus-impuls\/revista-en\/revista-dialegs-educar-en-lera-de-la-innovacio\/#primaryimage"},"image":{"@id":"https:\/\/impulseducacio.org\/en\/cursos-campus-impuls\/revista-en\/revista-dialegs-educar-en-lera-de-la-innovacio\/#primaryimage"},"thumbnailUrl":"https:\/\/impulseducacio.org\/wp-content\/uploads\/2022\/11\/Portada-Dialegs-Creativitat_CAT.jpg","datePublished":"2023-03-20T15:18:34+00:00","dateModified":"2024-06-18T08:11:57+00:00","breadcrumb":{"@id":"https:\/\/impulseducacio.org\/en\/cursos-campus-impuls\/revista-en\/revista-dialegs-educar-en-lera-de-la-innovacio\/#breadcrumb"},"inLanguage":"en","potentialAction":[{"@type":"ReadAction","target":["https:\/\/impulseducacio.org\/en\/cursos-campus-impuls\/revista-en\/revista-dialegs-educar-en-lera-de-la-innovacio\/"]}]},{"@type":"ImageObject","inLanguage":"en","@id":"https:\/\/impulseducacio.org\/en\/cursos-campus-impuls\/revista-en\/revista-dialegs-educar-en-lera-de-la-innovacio\/#primaryimage","url":"https:\/\/impulseducacio.org\/wp-content\/uploads\/2022\/11\/Portada-Dialegs-Creativitat_CAT.jpg","contentUrl":"https:\/\/impulseducacio.org\/wp-content\/uploads\/2022\/11\/Portada-Dialegs-Creativitat_CAT.jpg","width":1960,"height":2374},{"@type":"BreadcrumbList","@id":"https:\/\/impulseducacio.org\/en\/cursos-campus-impuls\/revista-en\/revista-dialegs-educar-en-lera-de-la-innovacio\/#breadcrumb","itemListElement":[{"@type":"ListItem","position":1,"name":"Start","item":"https:\/\/impulseducacio.org\/en\/"},{"@type":"ListItem","position":2,"name":"Cursos","item":"https:\/\/impulseducacio.org\/cursos-campus-impuls\/"},{"@type":"ListItem","position":3,"name":"Di\u00e0legs magazine. Educating in the age of innovation"}]},{"@type":"WebSite","@id":"https:\/\/impulseducacio.org\/en\/#website","url":"https:\/\/impulseducacio.org\/en\/","name":"IMPULS EDUCACI\u00d3","description":"Espai d\u2019estudi i di\u00e0leg en temes educatius","potentialAction":[{"@type":"SearchAction","target":{"@type":"EntryPoint","urlTemplate":"https:\/\/impulseducacio.org\/en\/?s={search_term_string}"},"query-input":{"@type":"PropertyValueSpecification","valueRequired":true,"valueName":"search_term_string"}}],"inLanguage":"en"}]}},"_links":{"self":[{"href":"https:\/\/impulseducacio.org\/en\/wp-json\/wp\/v2\/product\/25240","targetHints":{"allow":["GET"]}}],"collection":[{"href":"https:\/\/impulseducacio.org\/en\/wp-json\/wp\/v2\/product"}],"about":[{"href":"https:\/\/impulseducacio.org\/en\/wp-json\/wp\/v2\/types\/product"}],"replies":[{"embeddable":true,"href":"https:\/\/impulseducacio.org\/en\/wp-json\/wp\/v2\/comments?post=25240"}],"wp:featuredmedia":[{"embeddable":true,"href":"https:\/\/impulseducacio.org\/en\/wp-json\/wp\/v2\/media\/20291"}],"wp:attachment":[{"href":"https:\/\/impulseducacio.org\/en\/wp-json\/wp\/v2\/media?parent=25240"}],"wp:term":[{"taxonomy":"product_brand","embeddable":true,"href":"https:\/\/impulseducacio.org\/en\/wp-json\/wp\/v2\/product_brand?post=25240"},{"taxonomy":"product_cat","embeddable":true,"href":"https:\/\/impulseducacio.org\/en\/wp-json\/wp\/v2\/product_cat?post=25240"},{"taxonomy":"product_tag","embeddable":true,"href":"https:\/\/impulseducacio.org\/en\/wp-json\/wp\/v2\/product_tag?post=25240"}],"curies":[{"name":"wp","href":"https:\/\/api.w.org\/{rel}","templated":true}]}}