{"id":25703,"date":"2023-03-29T10:40:11","date_gmt":"2023-03-29T10:40:11","guid":{"rendered":"https:\/\/impulseducacio.org\/?page_id=25703"},"modified":"2023-03-29T10:40:11","modified_gmt":"2023-03-29T10:40:11","slug":"pagos-y-devoluciones","status":"publish","type":"page","link":"https:\/\/impulseducacio.org\/en\/pagos-y-devoluciones\/","title":{"rendered":"Pagos y devoluciones"},"content":{"rendered":"<p>Informaci\u00f3 general<\/p>\n<p>La nostra pol\u00edtica de reemborsaments i devolucions dura 30 dies. Si han passat 30 dies des de la teva compra, no podem oferir-te un reemborsament o canvi complet.<\/p>\n<p>Per a poder realitzar una devoluci\u00f3, l&#8217;article ha d&#8217;estar sense usar i en les mateixes condicions en les quals el va rebre. Tamb\u00e9 ha d&#8217;estar en el seu embalatge original.<\/p>\n<p>Hi ha diversos tipus de productes que no poden #retornar. Els productes peribles, com a aliments, flors, peri\u00f2dics o revistes, no poden #retornar. Tampoc acceptem productes \u00edntims o sanitaris, materials perillosos o l\u00edquids o gasos inflamables.<\/p>\n<p>Articles addicionals no retornables:<\/p>\n<p>Targetes regalo<br \/>\nProductes de programari descargables<br \/>\nAlguns articles de salut i cura personal<\/p>\n<p>Per a completar la seva devoluci\u00f3, necessitem un rebut o prova de compra.<\/p>\n<p>No envi\u00ef la seva compra al fabricant.<\/p>\n<p>Hi ha determinades situacions en les quals nom\u00e9s es concedeixen devolucions parcials:<\/p>\n<p>Llibre amb signes evidents d&#8217;\u00fas<br \/>\n#CD, #DVD, cinta VHS, programari, videojoc, cinta de casset o disc de vinil que hagi estat obert.<br \/>\nQualsevol article que no es trobi en el seu estat original, estigui danyat o li faltin peces per motius que no es deguin a un error nostre.<br \/>\nQualsevol article que es retorni m\u00e9s de 30 dies despr\u00e9s del lliurament.<br \/>\nReemborsaments<\/p>\n<p>Una vegada rebuda i inspeccionada la seva devoluci\u00f3, li enviarem un correu electr\u00f2nic per a notificar-li que hem rebut el seu article retornat. Tamb\u00e9 li notificarem l&#8217;aprovaci\u00f3 o rebuig del seu reemborsament.<\/p>\n<p>Si s&#8217;aprova, es processar\u00e0 el reemborsament i s&#8217;aplicar\u00e0 autom\u00e0ticament un cr\u00e8dit a la seva targeta de cr\u00e8dit o m\u00e8tode de pagament original, en un termini determinat de dies.<\/p>\n<p>Reemborsaments endarrerits o no rebuts<\/p>\n<p>Si encara no ha rebut el reemborsament, comprovi primer de nou el seu compte bancari.<\/p>\n<p>A continuaci\u00f3, #posar en contacte amb l&#8217;entitat emissora de la seva targeta de cr\u00e8dit.<\/p>\n<p>A continuaci\u00f3, #posar en contacte amb el seu banc. Sovint transcorre algun temps abans que es comptabilitzi el reemborsament.<\/p>\n<p>Si has fet tot aix\u00f2 i encara no has rebut el reemborsament, posa&#8217;t en contacte amb nosaltres en {email address}.<\/p>\n<p>Articles en oferta<\/p>\n<p>Nom\u00e9s es reemborsaran els articles de preu normal. Els articles en oferta no es poden reemborsar.<\/p>\n<p>Canvis<\/p>\n<p>Nom\u00e9s canviem articles si estan defectuosos o danyats. Si necessites canviar-ho pel mateix article, envia&#8217;ns un correu electr\u00f2nic a {email address} i envia el teu article a: {direcci\u00f3 f\u00edsica}.<\/p>\n<p>Regals<\/p>\n<p>Si l&#8217;article estava marcat com a regal quan el vas comprar i te l&#8217;enviem directament, rebr\u00e0s un abonament de regal pel valor de la teva devoluci\u00f3. Una vegada rebut l&#8217;article retornat, se t&#8217;enviar\u00e0 per correu un val regalo.<\/p>\n<p>Si l&#8217;article no estava marcat com a regal en el moment de la compra, o si la persona que va fer el regal es va enviar a si mateixa la comanda per a lliurar-te&#8217;l a tu m\u00e9s tard, enviarem un reemborsament a la persona que va fer el regal i ella s&#8217;assabentar\u00e0 de la teva devoluci\u00f3.<\/p>\n<p>Enviament de devolucions<\/p>\n<p>Per a retornar el seu producte, ha d&#8217;enviar-lo per correu a {adre\u00e7a f\u00edsica}.<\/p>\n<p>Vost\u00e8 ser\u00e0 responsable de pagar les seves pr\u00f2pies despeses d&#8217;enviament per a retornar el seu article. Les despeses d&#8217;enviament no s\u00f3n reemborsables. Si rep un reemborsament, el cost de l&#8217;enviament de devoluci\u00f3 es deduir\u00e0 del seu reemborsament.<\/p>\n<p>Depenent d&#8217;on viva, el temps que pot trigar a arribar-li el producte canviat pot variar.<\/p>\n<p>Si retornar\u00e0 articles m\u00e9s cars, pot utilitzar un servei d&#8217;enviament amb seguiment o contractar una asseguran\u00e7a d&#8217;enviament. No garantim que rebem l&#8217;article retornat.<\/p>\n<p>Necessita ajuda?<\/p>\n<p>Posa&#8217;t en contacte amb nosaltres en {email} si tens preguntes relacionades amb reemborsaments i devolucions.<\/p>\n","protected":false},"excerpt":{"rendered":"<p>Informaci\u00f3 general La nostra pol\u00edtica de reemborsaments i devolucions dura 30 dies. Si han passat 30 dies<\/p>\n","protected":false},"author":2,"featured_media":0,"parent":0,"menu_order":0,"comment_status":"closed","ping_status":"closed","template":"","meta":{"_acf_changed":false,"footnotes":""},"class_list":["post-25703","page","type-page","status-publish","hentry"],"acf":[],"yoast_head":"<!-- This site is optimized with the Yoast SEO plugin v27.3 - https:\/\/yoast.com\/product\/yoast-seo-wordpress\/ -->\n<title>Pagos y devoluciones | IMPULS EDUCACI\u00d3<\/title>\n<meta name=\"description\" content=\"Informaci\u00f3 general La nostra pol\u00edtica de reemborsaments i devolucions dura 30 dies. Si han passat 30 dies des de la teva compra, no podem oferir-te un\" \/>\n<meta name=\"robots\" content=\"index, follow, max-snippet:-1, max-image-preview:large, max-video-preview:-1\" \/>\n<link rel=\"canonical\" href=\"https:\/\/impulseducacio.org\/en\/pagos-y-devoluciones\/\" \/>\n<meta property=\"og:locale\" content=\"en_US\" \/>\n<meta property=\"og:type\" content=\"article\" \/>\n<meta property=\"og:title\" content=\"Pagos y devoluciones | IMPULS EDUCACI\u00d3\" \/>\n<meta property=\"og:description\" content=\"Informaci\u00f3 general La nostra pol\u00edtica de reemborsaments i devolucions dura 30 dies. Si han passat 30 dies des de la teva compra, no podem oferir-te un\" \/>\n<meta property=\"og:url\" content=\"https:\/\/impulseducacio.org\/en\/pagos-y-devoluciones\/\" \/>\n<meta property=\"og:site_name\" content=\"IMPULS EDUCACI\u00d3\" \/>\n<meta property=\"article:publisher\" content=\"https:\/\/www.facebook.com\/impulseducacio2020\" \/>\n<meta name=\"twitter:card\" content=\"summary_large_image\" \/>\n<meta name=\"twitter:site\" content=\"@ImpulsEducacio\" \/>\n<meta name=\"twitter:label1\" content=\"Est. reading time\" \/>\n\t<meta name=\"twitter:data1\" content=\"3 minutes\" \/>\n<script type=\"application\/ld+json\" class=\"yoast-schema-graph\">{\"@context\":\"https:\\\/\\\/schema.org\",\"@graph\":[{\"@type\":\"WebPage\",\"@id\":\"https:\\\/\\\/impulseducacio.org\\\/en\\\/pagos-y-devoluciones\\\/\",\"url\":\"https:\\\/\\\/impulseducacio.org\\\/en\\\/pagos-y-devoluciones\\\/\",\"name\":\"Pagos y devoluciones | IMPULS EDUCACI\u00d3\",\"isPartOf\":{\"@id\":\"https:\\\/\\\/impulseducacio.org\\\/en\\\/#website\"},\"datePublished\":\"2023-03-29T10:40:11+00:00\",\"description\":\"Informaci\u00f3 general La nostra pol\u00edtica de reemborsaments i devolucions dura 30 dies. Si han passat 30 dies des de la teva compra, no podem oferir-te un\",\"breadcrumb\":{\"@id\":\"https:\\\/\\\/impulseducacio.org\\\/en\\\/pagos-y-devoluciones\\\/#breadcrumb\"},\"inLanguage\":\"en\",\"potentialAction\":[{\"@type\":\"ReadAction\",\"target\":[\"https:\\\/\\\/impulseducacio.org\\\/en\\\/pagos-y-devoluciones\\\/\"]}]},{\"@type\":\"BreadcrumbList\",\"@id\":\"https:\\\/\\\/impulseducacio.org\\\/en\\\/pagos-y-devoluciones\\\/#breadcrumb\",\"itemListElement\":[{\"@type\":\"ListItem\",\"position\":1,\"name\":\"Start\",\"item\":\"https:\\\/\\\/impulseducacio.org\\\/en\\\/\"},{\"@type\":\"ListItem\",\"position\":2,\"name\":\"Pagos y devoluciones\"}]},{\"@type\":\"WebSite\",\"@id\":\"https:\\\/\\\/impulseducacio.org\\\/en\\\/#website\",\"url\":\"https:\\\/\\\/impulseducacio.org\\\/en\\\/\",\"name\":\"IMPULS EDUCACI\u00d3\",\"description\":\"Espai d\u2019estudi i di\u00e0leg en temes educatius\",\"potentialAction\":[{\"@type\":\"SearchAction\",\"target\":{\"@type\":\"EntryPoint\",\"urlTemplate\":\"https:\\\/\\\/impulseducacio.org\\\/en\\\/?s={search_term_string}\"},\"query-input\":{\"@type\":\"PropertyValueSpecification\",\"valueRequired\":true,\"valueName\":\"search_term_string\"}}],\"inLanguage\":\"en\"}]}<\/script>\n<!-- \/ Yoast SEO plugin. -->","yoast_head_json":{"title":"Pagos y devoluciones | IMPULS EDUCACI\u00d3","description":"Informaci\u00f3 general La nostra pol\u00edtica de reemborsaments i devolucions dura 30 dies. Si han passat 30 dies des de la teva compra, no podem oferir-te un","robots":{"index":"index","follow":"follow","max-snippet":"max-snippet:-1","max-image-preview":"max-image-preview:large","max-video-preview":"max-video-preview:-1"},"canonical":"https:\/\/impulseducacio.org\/en\/pagos-y-devoluciones\/","og_locale":"en_US","og_type":"article","og_title":"Pagos y devoluciones | IMPULS EDUCACI\u00d3","og_description":"Informaci\u00f3 general La nostra pol\u00edtica de reemborsaments i devolucions dura 30 dies. Si han passat 30 dies des de la teva compra, no podem oferir-te un","og_url":"https:\/\/impulseducacio.org\/en\/pagos-y-devoluciones\/","og_site_name":"IMPULS EDUCACI\u00d3","article_publisher":"https:\/\/www.facebook.com\/impulseducacio2020","twitter_card":"summary_large_image","twitter_site":"@ImpulsEducacio","twitter_misc":{"Est. reading time":"3 minutes"},"schema":{"@context":"https:\/\/schema.org","@graph":[{"@type":"WebPage","@id":"https:\/\/impulseducacio.org\/en\/pagos-y-devoluciones\/","url":"https:\/\/impulseducacio.org\/en\/pagos-y-devoluciones\/","name":"Pagos y devoluciones | IMPULS EDUCACI\u00d3","isPartOf":{"@id":"https:\/\/impulseducacio.org\/en\/#website"},"datePublished":"2023-03-29T10:40:11+00:00","description":"Informaci\u00f3 general La nostra pol\u00edtica de reemborsaments i devolucions dura 30 dies. Si han passat 30 dies des de la teva compra, no podem oferir-te un","breadcrumb":{"@id":"https:\/\/impulseducacio.org\/en\/pagos-y-devoluciones\/#breadcrumb"},"inLanguage":"en","potentialAction":[{"@type":"ReadAction","target":["https:\/\/impulseducacio.org\/en\/pagos-y-devoluciones\/"]}]},{"@type":"BreadcrumbList","@id":"https:\/\/impulseducacio.org\/en\/pagos-y-devoluciones\/#breadcrumb","itemListElement":[{"@type":"ListItem","position":1,"name":"Start","item":"https:\/\/impulseducacio.org\/en\/"},{"@type":"ListItem","position":2,"name":"Pagos y devoluciones"}]},{"@type":"WebSite","@id":"https:\/\/impulseducacio.org\/en\/#website","url":"https:\/\/impulseducacio.org\/en\/","name":"IMPULS EDUCACI\u00d3","description":"Espai d\u2019estudi i di\u00e0leg en temes educatius","potentialAction":[{"@type":"SearchAction","target":{"@type":"EntryPoint","urlTemplate":"https:\/\/impulseducacio.org\/en\/?s={search_term_string}"},"query-input":{"@type":"PropertyValueSpecification","valueRequired":true,"valueName":"search_term_string"}}],"inLanguage":"en"}]}},"_links":{"self":[{"href":"https:\/\/impulseducacio.org\/en\/wp-json\/wp\/v2\/pages\/25703","targetHints":{"allow":["GET"]}}],"collection":[{"href":"https:\/\/impulseducacio.org\/en\/wp-json\/wp\/v2\/pages"}],"about":[{"href":"https:\/\/impulseducacio.org\/en\/wp-json\/wp\/v2\/types\/page"}],"author":[{"embeddable":true,"href":"https:\/\/impulseducacio.org\/en\/wp-json\/wp\/v2\/users\/2"}],"replies":[{"embeddable":true,"href":"https:\/\/impulseducacio.org\/en\/wp-json\/wp\/v2\/comments?post=25703"}],"version-history":[{"count":2,"href":"https:\/\/impulseducacio.org\/en\/wp-json\/wp\/v2\/pages\/25703\/revisions"}],"predecessor-version":[{"id":25705,"href":"https:\/\/impulseducacio.org\/en\/wp-json\/wp\/v2\/pages\/25703\/revisions\/25705"}],"wp:attachment":[{"href":"https:\/\/impulseducacio.org\/en\/wp-json\/wp\/v2\/media?parent=25703"}],"curies":[{"name":"wp","href":"https:\/\/api.w.org\/{rel}","templated":true}]}}